{"id":4251,"date":"2021-05-09T13:50:09","date_gmt":"2021-05-09T11:50:09","guid":{"rendered":"https:\/\/protectoravilagarcia.org\/?post_type=product&#038;p=4251"},"modified":"2021-07-07T18:17:06","modified_gmt":"2021-07-07T16:17:06","slug":"mab","status":"publish","type":"product","link":"https:\/\/protectoravilagarcia.org\/es\/peludo\/mab\/","title":{"rendered":"Mab"},"content":{"rendered":"<p>Hola!! Soy Mab, un cachorrito mon\u00edsimo. Busco una familia que me quiera para siempre, y que tenga un poco de paciencia ya que al principio puedo ser un poco t\u00edmido, pero soy muy bueno y cari\u00f1oso. Si est\u00e1s interesado\/a en adoptarme llama al 986160110, manda un mail (info@protectoravilagarcia.org), contacta por Facebook (https:\/\/www. facebook. com\/protectoravilagarcia) o por instagram.<\/p>\n","protected":false},"excerpt":{"rendered":"<p>Hola!! Soy Mab, un cachorrito mon\u00edsimo. Busco una familia que me quiera para siempre, y que tenga un poco de paciencia ya que al principio puedo ser un poco t\u00edmido, pero soy muy bueno y cari\u00f1oso. Si est\u00e1s interesado\/a en adoptarme llama al 986160110, manda un mail (info@protectoravilagarcia.org), contacta por Facebook (https:\/\/www. facebook. com\/protectoravilagarcia) o [&hellip;]<\/p>\n","protected":false},"featured_media":4252,"template":"","meta":[],"product_brand":[],"product_cat":[46],"product_tag":[],"class_list":{"0":"post-4251","1":"product","2":"type-product","3":"status-publish","4":"has-post-thumbnail","6":"product_cat-adoptados","7":"pa_especie-perro","8":"pa_raza-mestiza","9":"pa_sexo-macho","10":"pa_tamano-mediano","12":"first","13":"instock","14":"shipping-taxable","15":"product-type-simple"},"_links":{"self":[{"href":"https:\/\/protectoravilagarcia.org\/es\/wp-json\/wp\/v2\/product\/4251","targetHints":{"allow":["GET"]}}],"collection":[{"href":"https:\/\/protectoravilagarcia.org\/es\/wp-json\/wp\/v2\/product"}],"about":[{"href":"https:\/\/protectoravilagarcia.org\/es\/wp-json\/wp\/v2\/types\/product"}],"wp:featuredmedia":[{"embeddable":true,"href":"https:\/\/protectoravilagarcia.org\/es\/wp-json\/wp\/v2\/media\/4252"}],"wp:attachment":[{"href":"https:\/\/protectoravilagarcia.org\/es\/wp-json\/wp\/v2\/media?parent=4251"}],"wp:term":[{"taxonomy":"product_brand","embeddable":true,"href":"https:\/\/protectoravilagarcia.org\/es\/wp-json\/wp\/v2\/product_brand?post=4251"},{"taxonomy":"product_cat","embeddable":true,"href":"https:\/\/protectoravilagarcia.org\/es\/wp-json\/wp\/v2\/product_cat?post=4251"},{"taxonomy":"product_tag","embeddable":true,"href":"https:\/\/protectoravilagarcia.org\/es\/wp-json\/wp\/v2\/product_tag?post=4251"}],"curies":[{"name":"wp","href":"https:\/\/api.w.org\/{rel}","templated":true}]}}