{"id":4243,"date":"2021-05-09T13:23:27","date_gmt":"2021-05-09T11:23:27","guid":{"rendered":"https:\/\/protectoravilagarcia.org\/?post_type=product&#038;p=4243"},"modified":"2023-04-15T20:23:49","modified_gmt":"2023-04-15T18:23:49","slug":"mini-parli","status":"publish","type":"product","link":"https:\/\/protectoravilagarcia.org\/es\/peludo\/mini-parli\/","title":{"rendered":"Mini Parli"},"content":{"rendered":"<p>Hola, soy Mini Parli, un gatete de lo m\u00e1s adorable. Soy cari\u00f1oso y alegre, prometo hacer de tu vida una aventura si me llevas contigo. Si est\u00e1s interesado\/a en adoptarme llama al 986160110, manda un mail (info@protectoravilagarcia.org), contacta por Facebook (https:\/\/www. facebook. com\/protectoravilagarcia) o por instagram.<\/p>\n","protected":false},"excerpt":{"rendered":"<p>Hola, soy Mini Parli, un gatete de lo m\u00e1s adorable. Soy cari\u00f1oso y alegre, prometo hacer de tu vida una aventura si me llevas contigo. Si est\u00e1s interesado\/a en adoptarme llama al 986160110, manda un mail (info@protectoravilagarcia.org), contacta por Facebook (https:\/\/www. facebook. com\/protectoravilagarcia) o por instagram.<\/p>\n","protected":false},"featured_media":6362,"template":"","meta":[],"product_brand":[],"product_cat":[46],"product_tag":[],"class_list":{"0":"post-4243","1":"product","2":"type-product","3":"status-publish","4":"has-post-thumbnail","6":"product_cat-adoptados","7":"pa_especie-gato","8":"pa_raza-comun-europeo","9":"pa_sexo-macho","10":"pa_tamano-mediano","12":"first","13":"instock","14":"shipping-taxable","15":"product-type-simple"},"_links":{"self":[{"href":"https:\/\/protectoravilagarcia.org\/es\/wp-json\/wp\/v2\/product\/4243","targetHints":{"allow":["GET"]}}],"collection":[{"href":"https:\/\/protectoravilagarcia.org\/es\/wp-json\/wp\/v2\/product"}],"about":[{"href":"https:\/\/protectoravilagarcia.org\/es\/wp-json\/wp\/v2\/types\/product"}],"wp:featuredmedia":[{"embeddable":true,"href":"https:\/\/protectoravilagarcia.org\/es\/wp-json\/wp\/v2\/media\/6362"}],"wp:attachment":[{"href":"https:\/\/protectoravilagarcia.org\/es\/wp-json\/wp\/v2\/media?parent=4243"}],"wp:term":[{"taxonomy":"product_brand","embeddable":true,"href":"https:\/\/protectoravilagarcia.org\/es\/wp-json\/wp\/v2\/product_brand?post=4243"},{"taxonomy":"product_cat","embeddable":true,"href":"https:\/\/protectoravilagarcia.org\/es\/wp-json\/wp\/v2\/product_cat?post=4243"},{"taxonomy":"product_tag","embeddable":true,"href":"https:\/\/protectoravilagarcia.org\/es\/wp-json\/wp\/v2\/product_tag?post=4243"}],"curies":[{"name":"wp","href":"https:\/\/api.w.org\/{rel}","templated":true}]}}