{"id":4239,"date":"2021-05-09T12:09:21","date_gmt":"2021-05-09T10:09:21","guid":{"rendered":"https:\/\/protectoravilagarcia.org\/?post_type=product&#038;p=4239"},"modified":"2021-07-07T18:18:04","modified_gmt":"2021-07-07T16:18:04","slug":"flash","status":"publish","type":"product","link":"https:\/\/protectoravilagarcia.org\/es\/peludo\/flash\/","title":{"rendered":"Flash"},"content":{"rendered":"<p>Hola! Soy Flash, un podenquito precioso. Soy muy sociable con mis compa\u00f1eros peludos, muy alegre y pizpireto. Con la gente soy un poco t\u00edmido al principio pero ensegida ense\u00f1o la barriga para que me la acaricien. Si est\u00e1s interesado\/a en adoptarme\u00a0 llama al 986160110, manda un mail (info@protectoravilagarcia.org), contacta por Facebook (https:\/\/www. facebook. com\/protectoravilagarcia) o por instagram.<\/p>\n","protected":false},"excerpt":{"rendered":"<p>Hola! Soy Flash, un podenquito precioso. Soy muy sociable con mis compa\u00f1eros peludos, muy alegre y pizpireto. Con la gente soy un poco t\u00edmido al principio pero ensegida ense\u00f1o la barriga para que me la acaricien. Si est\u00e1s interesado\/a en adoptarme\u00a0 llama al 986160110, manda un mail (info@protectoravilagarcia.org), contacta por Facebook (https:\/\/www. facebook. com\/protectoravilagarcia) o [&hellip;]<\/p>\n","protected":false},"featured_media":4240,"template":"","meta":[],"product_brand":[],"product_cat":[46],"product_tag":[],"class_list":{"0":"post-4239","1":"product","2":"type-product","3":"status-publish","4":"has-post-thumbnail","6":"product_cat-adoptados","7":"pa_especie-perro","8":"pa_raza-podenco","9":"pa_sexo-macho","10":"pa_tamano-mediano","12":"first","13":"instock","14":"shipping-taxable","15":"product-type-simple"},"_links":{"self":[{"href":"https:\/\/protectoravilagarcia.org\/es\/wp-json\/wp\/v2\/product\/4239","targetHints":{"allow":["GET"]}}],"collection":[{"href":"https:\/\/protectoravilagarcia.org\/es\/wp-json\/wp\/v2\/product"}],"about":[{"href":"https:\/\/protectoravilagarcia.org\/es\/wp-json\/wp\/v2\/types\/product"}],"wp:featuredmedia":[{"embeddable":true,"href":"https:\/\/protectoravilagarcia.org\/es\/wp-json\/wp\/v2\/media\/4240"}],"wp:attachment":[{"href":"https:\/\/protectoravilagarcia.org\/es\/wp-json\/wp\/v2\/media?parent=4239"}],"wp:term":[{"taxonomy":"product_brand","embeddable":true,"href":"https:\/\/protectoravilagarcia.org\/es\/wp-json\/wp\/v2\/product_brand?post=4239"},{"taxonomy":"product_cat","embeddable":true,"href":"https:\/\/protectoravilagarcia.org\/es\/wp-json\/wp\/v2\/product_cat?post=4239"},{"taxonomy":"product_tag","embeddable":true,"href":"https:\/\/protectoravilagarcia.org\/es\/wp-json\/wp\/v2\/product_tag?post=4239"}],"curies":[{"name":"wp","href":"https:\/\/api.w.org\/{rel}","templated":true}]}}