{"id":4229,"date":"2021-05-09T11:47:57","date_gmt":"2021-05-09T09:47:57","guid":{"rendered":"https:\/\/protectoravilagarcia.org\/?post_type=product&#038;p=4229"},"modified":"2021-07-07T17:51:32","modified_gmt":"2021-07-07T15:51:32","slug":"pestanitas","status":"publish","type":"product","link":"https:\/\/protectoravilagarcia.org\/es\/peludo\/pestanitas\/","title":{"rendered":"Pesta\u00f1ito"},"content":{"rendered":"<p>Hola!! Soy Pesta\u00f1ito, un adorable cachorrete. Soy muy simp\u00e1tico y cari\u00f1oso, alegre, me gustan mucho los mimitos y me gustan mucho mis colegas peludos. Soy sociable y muy bueno. Si est\u00e1s interesado\/a en adoptarme\u00a0 llama al 986160110, manda un mail (info@protectoravilagarcia.org), contacta por Facebook (https:\/\/www. facebook. com\/protectoravilagarcia) o por instagram.<\/p>\n","protected":false},"excerpt":{"rendered":"<p>Hola!! Soy Pesta\u00f1ito, un adorable cachorrete. Soy muy simp\u00e1tico y cari\u00f1oso, alegre, me gustan mucho los mimitos y me gustan mucho mis colegas peludos. Soy sociable y muy bueno. Si est\u00e1s interesado\/a en adoptarme\u00a0 llama al 986160110, manda un mail (info@protectoravilagarcia.org), contacta por Facebook (https:\/\/www. facebook. com\/protectoravilagarcia) o por instagram.<\/p>\n","protected":false},"featured_media":4230,"template":"","meta":[],"product_brand":[],"product_cat":[46],"product_tag":[],"class_list":{"0":"post-4229","1":"product","2":"type-product","3":"status-publish","4":"has-post-thumbnail","6":"product_cat-adoptados","7":"pa_especie-perro","8":"pa_raza-mestiza","9":"pa_sexo-hembra","10":"pa_tamano-pequeno","12":"first","13":"instock","14":"shipping-taxable","15":"product-type-simple"},"_links":{"self":[{"href":"https:\/\/protectoravilagarcia.org\/es\/wp-json\/wp\/v2\/product\/4229","targetHints":{"allow":["GET"]}}],"collection":[{"href":"https:\/\/protectoravilagarcia.org\/es\/wp-json\/wp\/v2\/product"}],"about":[{"href":"https:\/\/protectoravilagarcia.org\/es\/wp-json\/wp\/v2\/types\/product"}],"wp:featuredmedia":[{"embeddable":true,"href":"https:\/\/protectoravilagarcia.org\/es\/wp-json\/wp\/v2\/media\/4230"}],"wp:attachment":[{"href":"https:\/\/protectoravilagarcia.org\/es\/wp-json\/wp\/v2\/media?parent=4229"}],"wp:term":[{"taxonomy":"product_brand","embeddable":true,"href":"https:\/\/protectoravilagarcia.org\/es\/wp-json\/wp\/v2\/product_brand?post=4229"},{"taxonomy":"product_cat","embeddable":true,"href":"https:\/\/protectoravilagarcia.org\/es\/wp-json\/wp\/v2\/product_cat?post=4229"},{"taxonomy":"product_tag","embeddable":true,"href":"https:\/\/protectoravilagarcia.org\/es\/wp-json\/wp\/v2\/product_tag?post=4229"}],"curies":[{"name":"wp","href":"https:\/\/api.w.org\/{rel}","templated":true}]}}