{"id":4166,"date":"2021-03-10T21:59:04","date_gmt":"2021-03-10T20:59:04","guid":{"rendered":"https:\/\/protectoravilagarcia.org\/?post_type=product&#038;p=4166"},"modified":"2023-03-08T12:02:00","modified_gmt":"2023-03-08T11:02:00","slug":"recien-llegado-2","status":"publish","type":"product","link":"https:\/\/protectoravilagarcia.org\/es\/peludo\/recien-llegado-2\/","title":{"rendered":"Colin"},"content":{"rendered":"<p>Hola a todos. Soy Colin, un perrito muy guapete como pod\u00e9is observar. Soy un poquito desconfiado con la gente, no me gusta que me manipulen demasiado, pero en cuanto veo que lo que recibo por parte de las personas es cari\u00f1o y mimos ya me quedo m\u00e1s tranquilo. Poco a poco estoy aprendiendo a pasear con correa. Con mis colegas peludos soy un poco celosete y a veces les ri\u00f1o un poco. Solo necesito una familia que me ense\u00f1e a comportarme y tenga un poco de paciencia conmigo. Si est\u00e1s interesado\/a en adoptarme llama al 986160110, manda un mail (info@protectoravilagarcia.org), contacta por Facebook (https:\/\/www. facebook. com\/protectoravilagarcia) o por instagram.<\/p>\n","protected":false},"excerpt":{"rendered":"<p>Hola a todos. Soy Colin, un perrito muy guapete como pod\u00e9is observar. Soy un poquito desconfiado con la gente, no me gusta que me manipulen demasiado, pero en cuanto veo que lo que recibo por parte de las personas es cari\u00f1o y mimos ya me quedo m\u00e1s tranquilo. Poco a poco estoy aprendiendo a pasear [&hellip;]<\/p>\n","protected":false},"featured_media":4272,"template":"","meta":[],"product_brand":[],"product_cat":[46],"product_tag":[],"class_list":{"0":"post-4166","1":"product","2":"type-product","3":"status-publish","4":"has-post-thumbnail","6":"product_cat-adoptados","7":"pa_especie-perro","8":"pa_raza-mestizo-collie","9":"pa_sexo-macho","10":"pa_tamano-grande","12":"first","13":"instock","14":"shipping-taxable","15":"product-type-simple"},"_links":{"self":[{"href":"https:\/\/protectoravilagarcia.org\/es\/wp-json\/wp\/v2\/product\/4166","targetHints":{"allow":["GET"]}}],"collection":[{"href":"https:\/\/protectoravilagarcia.org\/es\/wp-json\/wp\/v2\/product"}],"about":[{"href":"https:\/\/protectoravilagarcia.org\/es\/wp-json\/wp\/v2\/types\/product"}],"wp:featuredmedia":[{"embeddable":true,"href":"https:\/\/protectoravilagarcia.org\/es\/wp-json\/wp\/v2\/media\/4272"}],"wp:attachment":[{"href":"https:\/\/protectoravilagarcia.org\/es\/wp-json\/wp\/v2\/media?parent=4166"}],"wp:term":[{"taxonomy":"product_brand","embeddable":true,"href":"https:\/\/protectoravilagarcia.org\/es\/wp-json\/wp\/v2\/product_brand?post=4166"},{"taxonomy":"product_cat","embeddable":true,"href":"https:\/\/protectoravilagarcia.org\/es\/wp-json\/wp\/v2\/product_cat?post=4166"},{"taxonomy":"product_tag","embeddable":true,"href":"https:\/\/protectoravilagarcia.org\/es\/wp-json\/wp\/v2\/product_tag?post=4166"}],"curies":[{"name":"wp","href":"https:\/\/api.w.org\/{rel}","templated":true}]}}