{"id":4138,"date":"2021-01-27T19:20:13","date_gmt":"2021-01-27T18:20:13","guid":{"rendered":"https:\/\/protectoravilagarcia.org\/?post_type=product&#038;p=4138"},"modified":"2021-12-29T21:38:24","modified_gmt":"2021-12-29T20:38:24","slug":"titan","status":"publish","type":"product","link":"https:\/\/protectoravilagarcia.org\/es\/peludo\/titan\/","title":{"rendered":"Tit\u00e1n"},"content":{"rendered":"<p>Hola soy Tit\u00e1n, soy un abuelete grandote. Soy cari\u00f1oso con las personas y me gustan los mimos, aunque no demasiados. Si quieres darme una oportunidad llama al 986160110, manda un mail (info@protectoravilagarcia.org), contacta por Facebook (https:\/\/www. facebook. com\/protectoravilagarcia) o por instagram.<\/p>\n","protected":false},"excerpt":{"rendered":"<p>Hola soy Tit\u00e1n, soy un abuelete grandote. Soy cari\u00f1oso con las personas y me gustan los mimos, aunque no demasiados. Si quieres darme una oportunidad llama al 986160110, manda un mail (info@protectoravilagarcia.org), contacta por Facebook (https:\/\/www. facebook. com\/protectoravilagarcia) o por instagram.<\/p>\n","protected":false},"featured_media":4141,"template":"","meta":[],"product_brand":[],"product_cat":[44],"product_tag":[],"class_list":{"0":"post-4138","1":"product","2":"type-product","3":"status-publish","4":"has-post-thumbnail","6":"product_cat-cielo-prote","7":"pa_especie-perro","8":"pa_raza-pastor-aleman","9":"pa_sexo-macho","10":"pa_tamano-grande","12":"first","13":"instock","14":"shipping-taxable","15":"product-type-simple"},"_links":{"self":[{"href":"https:\/\/protectoravilagarcia.org\/es\/wp-json\/wp\/v2\/product\/4138","targetHints":{"allow":["GET"]}}],"collection":[{"href":"https:\/\/protectoravilagarcia.org\/es\/wp-json\/wp\/v2\/product"}],"about":[{"href":"https:\/\/protectoravilagarcia.org\/es\/wp-json\/wp\/v2\/types\/product"}],"wp:featuredmedia":[{"embeddable":true,"href":"https:\/\/protectoravilagarcia.org\/es\/wp-json\/wp\/v2\/media\/4141"}],"wp:attachment":[{"href":"https:\/\/protectoravilagarcia.org\/es\/wp-json\/wp\/v2\/media?parent=4138"}],"wp:term":[{"taxonomy":"product_brand","embeddable":true,"href":"https:\/\/protectoravilagarcia.org\/es\/wp-json\/wp\/v2\/product_brand?post=4138"},{"taxonomy":"product_cat","embeddable":true,"href":"https:\/\/protectoravilagarcia.org\/es\/wp-json\/wp\/v2\/product_cat?post=4138"},{"taxonomy":"product_tag","embeddable":true,"href":"https:\/\/protectoravilagarcia.org\/es\/wp-json\/wp\/v2\/product_tag?post=4138"}],"curies":[{"name":"wp","href":"https:\/\/api.w.org\/{rel}","templated":true}]}}