{"id":4126,"date":"2021-01-27T18:55:40","date_gmt":"2021-01-27T17:55:40","guid":{"rendered":"https:\/\/protectoravilagarcia.org\/?post_type=product&#038;p=4126"},"modified":"2021-01-27T19:55:00","modified_gmt":"2021-01-27T18:55:00","slug":"tobi","status":"publish","type":"product","link":"https:\/\/protectoravilagarcia.org\/es\/peludo\/tobi\/","title":{"rendered":"Tobi"},"content":{"rendered":"<p>Hola!! Soy Tobi,\u00a0 llegu\u00e9 muy asustado, tanto que no me acercaba ni me dejaba tocar. Con el paso de los d\u00edas ya me voy acercando a los voluntario a pedir mimos. Seguro que con un poco m\u00e1s de tiempo encuentro la confianza para ser muy mimosote y cari\u00f1oso. Me gustan mis colegas peludos, aunque a veces me pongo un poco dominante cuando me tocan las narices. Si est\u00e1s interesado en darme una oportunidad llama al 986160110, manda un mail (info@protectoravilagarcia.org), contacta por Facebook (https:\/\/www. facebook. com\/protectoravilagarcia) o por instagram.<\/p>\n","protected":false},"excerpt":{"rendered":"<p>Hola!! Soy Tobi,\u00a0 llegu\u00e9 muy asustado, tanto que no me acercaba ni me dejaba tocar. Con el paso de los d\u00edas ya me voy acercando a los voluntario a pedir mimos. Seguro que con un poco m\u00e1s de tiempo encuentro la confianza para ser muy mimosote y cari\u00f1oso. Me gustan mis colegas peludos, aunque a [&hellip;]<\/p>\n","protected":false},"featured_media":4128,"template":"","meta":[],"product_brand":[],"product_cat":[9],"product_tag":[],"class_list":{"0":"post-4126","1":"product","2":"type-product","3":"status-publish","4":"has-post-thumbnail","6":"product_cat-en-adopcion","7":"pa_especie-perro","8":"pa_raza-mestiza","9":"pa_sexo-macho","10":"pa_tamano-grande","12":"first","13":"instock","14":"shipping-taxable","15":"product-type-simple"},"_links":{"self":[{"href":"https:\/\/protectoravilagarcia.org\/es\/wp-json\/wp\/v2\/product\/4126","targetHints":{"allow":["GET"]}}],"collection":[{"href":"https:\/\/protectoravilagarcia.org\/es\/wp-json\/wp\/v2\/product"}],"about":[{"href":"https:\/\/protectoravilagarcia.org\/es\/wp-json\/wp\/v2\/types\/product"}],"wp:featuredmedia":[{"embeddable":true,"href":"https:\/\/protectoravilagarcia.org\/es\/wp-json\/wp\/v2\/media\/4128"}],"wp:attachment":[{"href":"https:\/\/protectoravilagarcia.org\/es\/wp-json\/wp\/v2\/media?parent=4126"}],"wp:term":[{"taxonomy":"product_brand","embeddable":true,"href":"https:\/\/protectoravilagarcia.org\/es\/wp-json\/wp\/v2\/product_brand?post=4126"},{"taxonomy":"product_cat","embeddable":true,"href":"https:\/\/protectoravilagarcia.org\/es\/wp-json\/wp\/v2\/product_cat?post=4126"},{"taxonomy":"product_tag","embeddable":true,"href":"https:\/\/protectoravilagarcia.org\/es\/wp-json\/wp\/v2\/product_tag?post=4126"}],"curies":[{"name":"wp","href":"https:\/\/api.w.org\/{rel}","templated":true}]}}