{"id":4122,"date":"2021-01-27T18:46:47","date_gmt":"2021-01-27T17:46:47","guid":{"rendered":"https:\/\/protectoravilagarcia.org\/?post_type=product&#038;p=4122"},"modified":"2021-03-01T11:26:46","modified_gmt":"2021-03-01T10:26:46","slug":"veggie","status":"publish","type":"product","link":"https:\/\/protectoravilagarcia.org\/es\/peludo\/veggie\/","title":{"rendered":"Veggie"},"content":{"rendered":"<p>Hola!! Soy Veggie, una beagle guap\u00edsima. Al principio puedo ser un poco t\u00edmida, pero soy muy alegre. Me paso los d\u00edas correteando y jugando por la plaza de la prote. Prometo ser la reina de la casa si me adoptas. Si est\u00e1s interesado en darme una oportunidad llama al 986160110, manda un mail (info@protectoravilagarcia.org), contacta por Facebook (https:\/\/www. facebook. com\/protectoravilagarcia) o por instagram.<\/p>\n","protected":false},"excerpt":{"rendered":"<p>Hola!! Soy Veggie, una beagle guap\u00edsima. Al principio puedo ser un poco t\u00edmida, pero soy muy alegre. Me paso los d\u00edas correteando y jugando por la plaza de la prote. Prometo ser la reina de la casa si me adoptas. Si est\u00e1s interesado en darme una oportunidad llama al 986160110, manda un mail (info@protectoravilagarcia.org), contacta [&hellip;]<\/p>\n","protected":false},"featured_media":4124,"template":"","meta":[],"product_brand":[],"product_cat":[46],"product_tag":[],"class_list":{"0":"post-4122","1":"product","2":"type-product","3":"status-publish","4":"has-post-thumbnail","6":"product_cat-adoptados","7":"pa_especie-perro","8":"pa_raza-beagle","9":"pa_sexo-hembra","10":"pa_tamano-mediano","12":"first","13":"instock","14":"shipping-taxable","15":"product-type-simple"},"_links":{"self":[{"href":"https:\/\/protectoravilagarcia.org\/es\/wp-json\/wp\/v2\/product\/4122","targetHints":{"allow":["GET"]}}],"collection":[{"href":"https:\/\/protectoravilagarcia.org\/es\/wp-json\/wp\/v2\/product"}],"about":[{"href":"https:\/\/protectoravilagarcia.org\/es\/wp-json\/wp\/v2\/types\/product"}],"wp:featuredmedia":[{"embeddable":true,"href":"https:\/\/protectoravilagarcia.org\/es\/wp-json\/wp\/v2\/media\/4124"}],"wp:attachment":[{"href":"https:\/\/protectoravilagarcia.org\/es\/wp-json\/wp\/v2\/media?parent=4122"}],"wp:term":[{"taxonomy":"product_brand","embeddable":true,"href":"https:\/\/protectoravilagarcia.org\/es\/wp-json\/wp\/v2\/product_brand?post=4122"},{"taxonomy":"product_cat","embeddable":true,"href":"https:\/\/protectoravilagarcia.org\/es\/wp-json\/wp\/v2\/product_cat?post=4122"},{"taxonomy":"product_tag","embeddable":true,"href":"https:\/\/protectoravilagarcia.org\/es\/wp-json\/wp\/v2\/product_tag?post=4122"}],"curies":[{"name":"wp","href":"https:\/\/api.w.org\/{rel}","templated":true}]}}