{"id":4120,"date":"2021-01-27T18:42:32","date_gmt":"2021-01-27T17:42:32","guid":{"rendered":"https:\/\/protectoravilagarcia.org\/?post_type=product&#038;p=4120"},"modified":"2021-03-01T11:26:55","modified_gmt":"2021-03-01T10:26:55","slug":"pitusa","status":"publish","type":"product","link":"https:\/\/protectoravilagarcia.org\/es\/peludo\/pitusa\/","title":{"rendered":"Pitusa"},"content":{"rendered":"<p>Hola!! Soy Pitusa, soy una perrita un poco t\u00edmida al principio pero muy buena y cari\u00f1osa. Me gusta andar a mi bola porque mis colegas peludos son todos m\u00e1s grandes que yo no me gusta que me molesten. Soy de tama\u00f1o peque\u00f1o peque\u00f1o, ideal para cualquier familia. Si est\u00e1s interesado en darme una oportunidad llama al 986160110, manda un mail (info@protectoravilagarcia.org), contacta por Facebook (https:\/\/www. facebook. com\/protectoravilagarcia) o por instagram.<\/p>\n","protected":false},"excerpt":{"rendered":"<p>Hola!! Soy Pitusa, soy una perrita un poco t\u00edmida al principio pero muy buena y cari\u00f1osa. Me gusta andar a mi bola porque mis colegas peludos son todos m\u00e1s grandes que yo no me gusta que me molesten. Soy de tama\u00f1o peque\u00f1o peque\u00f1o, ideal para cualquier familia. Si est\u00e1s interesado en darme una oportunidad llama [&hellip;]<\/p>\n","protected":false},"featured_media":4121,"template":"","meta":[],"product_brand":[],"product_cat":[46],"product_tag":[],"class_list":{"0":"post-4120","1":"product","2":"type-product","3":"status-publish","4":"has-post-thumbnail","6":"product_cat-adoptados","7":"pa_especie-perro","8":"pa_raza-mestiza","9":"pa_sexo-hembra","10":"pa_tamano-pequeno","12":"first","13":"instock","14":"shipping-taxable","15":"product-type-simple"},"_links":{"self":[{"href":"https:\/\/protectoravilagarcia.org\/es\/wp-json\/wp\/v2\/product\/4120","targetHints":{"allow":["GET"]}}],"collection":[{"href":"https:\/\/protectoravilagarcia.org\/es\/wp-json\/wp\/v2\/product"}],"about":[{"href":"https:\/\/protectoravilagarcia.org\/es\/wp-json\/wp\/v2\/types\/product"}],"wp:featuredmedia":[{"embeddable":true,"href":"https:\/\/protectoravilagarcia.org\/es\/wp-json\/wp\/v2\/media\/4121"}],"wp:attachment":[{"href":"https:\/\/protectoravilagarcia.org\/es\/wp-json\/wp\/v2\/media?parent=4120"}],"wp:term":[{"taxonomy":"product_brand","embeddable":true,"href":"https:\/\/protectoravilagarcia.org\/es\/wp-json\/wp\/v2\/product_brand?post=4120"},{"taxonomy":"product_cat","embeddable":true,"href":"https:\/\/protectoravilagarcia.org\/es\/wp-json\/wp\/v2\/product_cat?post=4120"},{"taxonomy":"product_tag","embeddable":true,"href":"https:\/\/protectoravilagarcia.org\/es\/wp-json\/wp\/v2\/product_tag?post=4120"}],"curies":[{"name":"wp","href":"https:\/\/api.w.org\/{rel}","templated":true}]}}