{"id":4113,"date":"2021-08-02T12:49:23","date_gmt":"2021-08-02T10:49:23","guid":{"rendered":"https:\/\/protectoravilagarcia.org\/?post_type=product&#038;p=4113"},"modified":"2022-08-31T19:12:55","modified_gmt":"2022-08-31T17:12:55","slug":"cantarela","status":"publish","type":"product","link":"https:\/\/protectoravilagarcia.org\/es\/peludo\/cantarela\/","title":{"rendered":"Cantarela"},"content":{"rendered":"<p>Hola!! Soy Cantarela. Soy una perrita muy buena y sociable. Soy simp\u00e1tica y cari\u00f1osa, y me llevo bien con mis colegas peludos. Llegu\u00e9 a la prote con mis beb\u00e9s, los cuales ya fueron todos adoptados, y yo me he quedado aqu\u00ed. Pero me encantar\u00eda tambi\u00e9n encontrar una casita en la que me quieran para siempre. Si est\u00e1s interesado\/a en adoptarme llama al 986160110, manda un mail (info@protectoravilagarcia.org), contacta por Facebook (https:\/\/www. facebook. com\/protectoravilagarcia) o por instagram.<\/p>\n","protected":false},"excerpt":{"rendered":"<p>Hola!! Soy Cantarela. Soy una perrita muy buena y sociable. Soy simp\u00e1tica y cari\u00f1osa, y me llevo bien con mis colegas peludos. Llegu\u00e9 a la prote con mis beb\u00e9s, los cuales ya fueron todos adoptados, y yo me he quedado aqu\u00ed. Pero me encantar\u00eda tambi\u00e9n encontrar una casita en la que me quieran para siempre. [&hellip;]<\/p>\n","protected":false},"featured_media":4328,"template":"","meta":[],"product_brand":[],"product_cat":[46],"product_tag":[],"class_list":{"0":"post-4113","1":"product","2":"type-product","3":"status-publish","4":"has-post-thumbnail","6":"product_cat-adoptados","7":"pa_especie-perro","8":"pa_raza-mestiza","9":"pa_sexo-hembra","10":"pa_tamano-grande","12":"first","13":"instock","14":"shipping-taxable","15":"product-type-simple"},"_links":{"self":[{"href":"https:\/\/protectoravilagarcia.org\/es\/wp-json\/wp\/v2\/product\/4113","targetHints":{"allow":["GET"]}}],"collection":[{"href":"https:\/\/protectoravilagarcia.org\/es\/wp-json\/wp\/v2\/product"}],"about":[{"href":"https:\/\/protectoravilagarcia.org\/es\/wp-json\/wp\/v2\/types\/product"}],"wp:featuredmedia":[{"embeddable":true,"href":"https:\/\/protectoravilagarcia.org\/es\/wp-json\/wp\/v2\/media\/4328"}],"wp:attachment":[{"href":"https:\/\/protectoravilagarcia.org\/es\/wp-json\/wp\/v2\/media?parent=4113"}],"wp:term":[{"taxonomy":"product_brand","embeddable":true,"href":"https:\/\/protectoravilagarcia.org\/es\/wp-json\/wp\/v2\/product_brand?post=4113"},{"taxonomy":"product_cat","embeddable":true,"href":"https:\/\/protectoravilagarcia.org\/es\/wp-json\/wp\/v2\/product_cat?post=4113"},{"taxonomy":"product_tag","embeddable":true,"href":"https:\/\/protectoravilagarcia.org\/es\/wp-json\/wp\/v2\/product_tag?post=4113"}],"curies":[{"name":"wp","href":"https:\/\/api.w.org\/{rel}","templated":true}]}}