{"id":4099,"date":"2021-01-03T12:48:52","date_gmt":"2021-01-03T11:48:52","guid":{"rendered":"https:\/\/protectoravilagarcia.org\/?post_type=product&#038;p=4099"},"modified":"2022-02-08T15:49:00","modified_gmt":"2022-02-08T14:49:00","slug":"tron","status":"publish","type":"product","link":"https:\/\/protectoravilagarcia.org\/es\/peludo\/tron\/","title":{"rendered":"Tron"},"content":{"rendered":"<p>Hola soy Tron. Un grandull\u00f3n guap\u00edsimo. No debo ser muy consciente de mi tama\u00f1o porque soy como un cachorro atrapado en un cuerpo de 30 kilos. Corro, salto, me lanzo a pedir mimos y abrazos como un gran oso amoroso. Eso me hace s\u00faper especial. Prometo ser la alegr\u00eda de la huerta si me adoptas y hacerte la vida mucho m\u00e1s feliz y divertida. Si est\u00e1s interesado\/a en adoptarme llama al 986160110, manda un mail (info@protectoravilagarcia.org), contacta por Facebook (https:\/\/www. facebook. com\/protectoravilagarcia) o por instagram.<\/p>\n","protected":false},"excerpt":{"rendered":"<p>Hola soy Tron. Un grandull\u00f3n guap\u00edsimo. No debo ser muy consciente de mi tama\u00f1o porque soy como un cachorro atrapado en un cuerpo de 30 kilos. Corro, salto, me lanzo a pedir mimos y abrazos como un gran oso amoroso. Eso me hace s\u00faper especial. Prometo ser la alegr\u00eda de la huerta si me adoptas [&hellip;]<\/p>\n","protected":false},"featured_media":4105,"template":"","meta":[],"product_brand":[],"product_cat":[46],"product_tag":[],"class_list":{"0":"post-4099","1":"product","2":"type-product","3":"status-publish","4":"has-post-thumbnail","6":"product_cat-adoptados","7":"pa_especie-perro","8":"pa_raza-mestiza","9":"pa_sexo-macho","10":"pa_tamano-grande","12":"first","13":"instock","14":"shipping-taxable","15":"product-type-simple"},"_links":{"self":[{"href":"https:\/\/protectoravilagarcia.org\/es\/wp-json\/wp\/v2\/product\/4099","targetHints":{"allow":["GET"]}}],"collection":[{"href":"https:\/\/protectoravilagarcia.org\/es\/wp-json\/wp\/v2\/product"}],"about":[{"href":"https:\/\/protectoravilagarcia.org\/es\/wp-json\/wp\/v2\/types\/product"}],"wp:featuredmedia":[{"embeddable":true,"href":"https:\/\/protectoravilagarcia.org\/es\/wp-json\/wp\/v2\/media\/4105"}],"wp:attachment":[{"href":"https:\/\/protectoravilagarcia.org\/es\/wp-json\/wp\/v2\/media?parent=4099"}],"wp:term":[{"taxonomy":"product_brand","embeddable":true,"href":"https:\/\/protectoravilagarcia.org\/es\/wp-json\/wp\/v2\/product_brand?post=4099"},{"taxonomy":"product_cat","embeddable":true,"href":"https:\/\/protectoravilagarcia.org\/es\/wp-json\/wp\/v2\/product_cat?post=4099"},{"taxonomy":"product_tag","embeddable":true,"href":"https:\/\/protectoravilagarcia.org\/es\/wp-json\/wp\/v2\/product_tag?post=4099"}],"curies":[{"name":"wp","href":"https:\/\/api.w.org\/{rel}","templated":true}]}}