{"id":4085,"date":"2020-11-26T16:53:13","date_gmt":"2020-11-26T15:53:13","guid":{"rendered":"https:\/\/protectoravilagarcia.org\/?post_type=product&#038;p=4085"},"modified":"2021-08-02T13:07:14","modified_gmt":"2021-08-02T11:07:14","slug":"tristan","status":"publish","type":"product","link":"https:\/\/protectoravilagarcia.org\/es\/peludo\/tristan\/","title":{"rendered":"Tristan"},"content":{"rendered":"<p>Hola!! Soy Tristan, un perrito joven, muy bueno y cari\u00f1oso, llegue a la prote un poco asustado, pero en menos de un d\u00eda me di cuenta de que aqu\u00ed solo me iban a cuidar, querer y tratar bien hasta que encuentre una familia y descubr\u00ed que me encantan dar y recibir mimitos.\u00a0 Me llevo muy bien con mis colegas peludos. Si est\u00e1s interesado en darme una oportunidad llama al 986160110, manda un mail (info@protectoravilagarcia.org), contacta por Facebook (https:\/\/www. facebook. com\/protectoravilagarcia) o por instagram.<\/p>\n","protected":false},"excerpt":{"rendered":"<p>Hola!! Soy Tristan, un perrito joven, muy bueno y cari\u00f1oso, llegue a la prote un poco asustado, pero en menos de un d\u00eda me di cuenta de que aqu\u00ed solo me iban a cuidar, querer y tratar bien hasta que encuentre una familia y descubr\u00ed que me encantan dar y recibir mimitos.\u00a0 Me llevo muy [&hellip;]<\/p>\n","protected":false},"featured_media":4087,"template":"","meta":[],"product_brand":[],"product_cat":[46],"product_tag":[],"class_list":{"0":"post-4085","1":"product","2":"type-product","3":"status-publish","4":"has-post-thumbnail","6":"product_cat-adoptados","7":"pa_especie-perro","8":"pa_raza-mestiza","9":"pa_sexo-macho","10":"pa_tamano-grande","11":"pa_tamano-mediano","13":"first","14":"instock","15":"shipping-taxable","16":"product-type-simple"},"_links":{"self":[{"href":"https:\/\/protectoravilagarcia.org\/es\/wp-json\/wp\/v2\/product\/4085","targetHints":{"allow":["GET"]}}],"collection":[{"href":"https:\/\/protectoravilagarcia.org\/es\/wp-json\/wp\/v2\/product"}],"about":[{"href":"https:\/\/protectoravilagarcia.org\/es\/wp-json\/wp\/v2\/types\/product"}],"wp:featuredmedia":[{"embeddable":true,"href":"https:\/\/protectoravilagarcia.org\/es\/wp-json\/wp\/v2\/media\/4087"}],"wp:attachment":[{"href":"https:\/\/protectoravilagarcia.org\/es\/wp-json\/wp\/v2\/media?parent=4085"}],"wp:term":[{"taxonomy":"product_brand","embeddable":true,"href":"https:\/\/protectoravilagarcia.org\/es\/wp-json\/wp\/v2\/product_brand?post=4085"},{"taxonomy":"product_cat","embeddable":true,"href":"https:\/\/protectoravilagarcia.org\/es\/wp-json\/wp\/v2\/product_cat?post=4085"},{"taxonomy":"product_tag","embeddable":true,"href":"https:\/\/protectoravilagarcia.org\/es\/wp-json\/wp\/v2\/product_tag?post=4085"}],"curies":[{"name":"wp","href":"https:\/\/api.w.org\/{rel}","templated":true}]}}