{"id":4014,"date":"2020-08-19T15:47:49","date_gmt":"2020-08-19T13:47:49","guid":{"rendered":"https:\/\/protectoravilagarcia.org\/?post_type=product&#038;p=4014"},"modified":"2021-07-07T17:56:26","modified_gmt":"2021-07-07T15:56:26","slug":"4014","status":"publish","type":"product","link":"https:\/\/protectoravilagarcia.org\/es\/peludo\/4014\/","title":{"rendered":"\u00d1o\u00f1o"},"content":{"rendered":"<p>Hola soy \u00d1o\u00f1o, un adorable gatito que busca una familia en la que lo quieran para siempre. Soy sociable y cari\u00f1oso.\u00a0 Si est\u00e1s interesado en adoptarme llama al 986160110, manda un mail (info@protectoravilagarcia.org) o contacta por facebook (https:\/\/www. facebook. com\/protectora vilagarcia<\/p>\n","protected":false},"excerpt":{"rendered":"<p>Hola soy \u00d1o\u00f1o, un adorable gatito que busca una familia en la que lo quieran para siempre. Soy sociable y cari\u00f1oso.\u00a0 Si est\u00e1s interesado en adoptarme llama al 986160110, manda un mail (info@protectoravilagarcia.org) o contacta por facebook (https:\/\/www. facebook. com\/protectora vilagarcia<\/p>\n","protected":false},"featured_media":4015,"template":"","meta":[],"product_brand":[],"product_cat":[44],"product_tag":[],"class_list":{"0":"post-4014","1":"product","2":"type-product","3":"status-publish","4":"has-post-thumbnail","6":"product_cat-cielo-prote","7":"pa_especie-gato","8":"pa_raza-comun-europeo","9":"pa_sexo-macho","11":"first","12":"instock","13":"shipping-taxable","14":"product-type-simple"},"_links":{"self":[{"href":"https:\/\/protectoravilagarcia.org\/es\/wp-json\/wp\/v2\/product\/4014","targetHints":{"allow":["GET"]}}],"collection":[{"href":"https:\/\/protectoravilagarcia.org\/es\/wp-json\/wp\/v2\/product"}],"about":[{"href":"https:\/\/protectoravilagarcia.org\/es\/wp-json\/wp\/v2\/types\/product"}],"wp:featuredmedia":[{"embeddable":true,"href":"https:\/\/protectoravilagarcia.org\/es\/wp-json\/wp\/v2\/media\/4015"}],"wp:attachment":[{"href":"https:\/\/protectoravilagarcia.org\/es\/wp-json\/wp\/v2\/media?parent=4014"}],"wp:term":[{"taxonomy":"product_brand","embeddable":true,"href":"https:\/\/protectoravilagarcia.org\/es\/wp-json\/wp\/v2\/product_brand?post=4014"},{"taxonomy":"product_cat","embeddable":true,"href":"https:\/\/protectoravilagarcia.org\/es\/wp-json\/wp\/v2\/product_cat?post=4014"},{"taxonomy":"product_tag","embeddable":true,"href":"https:\/\/protectoravilagarcia.org\/es\/wp-json\/wp\/v2\/product_tag?post=4014"}],"curies":[{"name":"wp","href":"https:\/\/api.w.org\/{rel}","templated":true}]}}