{"id":3967,"date":"2020-08-17T15:42:14","date_gmt":"2020-08-17T14:42:14","guid":{"rendered":"https:\/\/protectoravilagarcia.org\/?post_type=product&#038;p=3967"},"modified":"2020-11-26T16:24:28","modified_gmt":"2020-11-26T15:24:28","slug":"famelico","status":"publish","type":"product","link":"https:\/\/protectoravilagarcia.org\/es\/peludo\/famelico\/","title":{"rendered":"Fam\u00e9lico"},"content":{"rendered":"<p>Hola soy Fam\u00e9lico, un adorable gatito que busca una familia en la que lo quieran para siempre. Si est\u00e1s interesado en adoptarme llama al 986160110, manda un mail (info@protectoravilagarcia.org) o contacta por facebook (https:\/\/www. facebook. com\/protectora vilagarcia<\/p>\n","protected":false},"excerpt":{"rendered":"<p>Hola soy Fam\u00e9lico, un adorable gatito que busca una familia en la que lo quieran para siempre. Si est\u00e1s interesado en adoptarme llama al 986160110, manda un mail (info@protectoravilagarcia.org) o contacta por facebook (https:\/\/www. facebook. com\/protectora vilagarcia<\/p>\n","protected":false},"featured_media":3968,"template":"","meta":[],"product_brand":[],"product_cat":[46],"product_tag":[],"class_list":{"0":"post-3967","1":"product","2":"type-product","3":"status-publish","4":"has-post-thumbnail","6":"product_cat-adoptados","7":"pa_especie-gato","8":"pa_raza-comun-europeo","9":"pa_sexo-macho","11":"first","12":"instock","13":"shipping-taxable","14":"product-type-simple"},"_links":{"self":[{"href":"https:\/\/protectoravilagarcia.org\/es\/wp-json\/wp\/v2\/product\/3967","targetHints":{"allow":["GET"]}}],"collection":[{"href":"https:\/\/protectoravilagarcia.org\/es\/wp-json\/wp\/v2\/product"}],"about":[{"href":"https:\/\/protectoravilagarcia.org\/es\/wp-json\/wp\/v2\/types\/product"}],"wp:featuredmedia":[{"embeddable":true,"href":"https:\/\/protectoravilagarcia.org\/es\/wp-json\/wp\/v2\/media\/3968"}],"wp:attachment":[{"href":"https:\/\/protectoravilagarcia.org\/es\/wp-json\/wp\/v2\/media?parent=3967"}],"wp:term":[{"taxonomy":"product_brand","embeddable":true,"href":"https:\/\/protectoravilagarcia.org\/es\/wp-json\/wp\/v2\/product_brand?post=3967"},{"taxonomy":"product_cat","embeddable":true,"href":"https:\/\/protectoravilagarcia.org\/es\/wp-json\/wp\/v2\/product_cat?post=3967"},{"taxonomy":"product_tag","embeddable":true,"href":"https:\/\/protectoravilagarcia.org\/es\/wp-json\/wp\/v2\/product_tag?post=3967"}],"curies":[{"name":"wp","href":"https:\/\/api.w.org\/{rel}","templated":true}]}}