{"id":3919,"date":"2020-08-12T23:12:02","date_gmt":"2020-08-12T22:12:02","guid":{"rendered":"https:\/\/protectoravilagarcia.org\/?post_type=product&#038;p=3919"},"modified":"2020-08-12T23:12:02","modified_gmt":"2020-08-12T22:12:02","slug":"albus","status":"publish","type":"product","link":"https:\/\/protectoravilagarcia.org\/es\/peludo\/albus\/","title":{"rendered":"Albus"},"content":{"rendered":"<p>Hola!! Soy Albus. Con la gente soy un perrete muy amoroso y bueno, pero con los perros no tanto as\u00ed que estar\u00eda mejor si fuera perro \u00fanico. Si est\u00e1s interesado\/a en adoptarme llama al 986160110, manda un mail (info@protectoravilagarcia.org) o contacta por facebook (https:\/\/www. facebook. com\/protectoravilagarcia) o instagram.<\/p>\n","protected":false},"excerpt":{"rendered":"<p>Hola!! Soy Albus. Con la gente soy un perrete muy amoroso y bueno, pero con los perros no tanto as\u00ed que estar\u00eda mejor si fuera perro \u00fanico. Si est\u00e1s interesado\/a en adoptarme llama al 986160110, manda un mail (info@protectoravilagarcia.org) o contacta por facebook (https:\/\/www. facebook. com\/protectoravilagarcia) o instagram.<\/p>\n","protected":false},"featured_media":3922,"template":"","meta":[],"product_brand":[],"product_cat":[9],"product_tag":[],"class_list":{"0":"post-3919","1":"product","2":"type-product","3":"status-publish","4":"has-post-thumbnail","6":"product_cat-en-adopcion","7":"pa_especie-perro","8":"pa_raza-mestiza","9":"pa_sexo-macho","10":"pa_tamano-mediano","12":"first","13":"instock","14":"shipping-taxable","15":"product-type-simple"},"_links":{"self":[{"href":"https:\/\/protectoravilagarcia.org\/es\/wp-json\/wp\/v2\/product\/3919","targetHints":{"allow":["GET"]}}],"collection":[{"href":"https:\/\/protectoravilagarcia.org\/es\/wp-json\/wp\/v2\/product"}],"about":[{"href":"https:\/\/protectoravilagarcia.org\/es\/wp-json\/wp\/v2\/types\/product"}],"wp:featuredmedia":[{"embeddable":true,"href":"https:\/\/protectoravilagarcia.org\/es\/wp-json\/wp\/v2\/media\/3922"}],"wp:attachment":[{"href":"https:\/\/protectoravilagarcia.org\/es\/wp-json\/wp\/v2\/media?parent=3919"}],"wp:term":[{"taxonomy":"product_brand","embeddable":true,"href":"https:\/\/protectoravilagarcia.org\/es\/wp-json\/wp\/v2\/product_brand?post=3919"},{"taxonomy":"product_cat","embeddable":true,"href":"https:\/\/protectoravilagarcia.org\/es\/wp-json\/wp\/v2\/product_cat?post=3919"},{"taxonomy":"product_tag","embeddable":true,"href":"https:\/\/protectoravilagarcia.org\/es\/wp-json\/wp\/v2\/product_tag?post=3919"}],"curies":[{"name":"wp","href":"https:\/\/api.w.org\/{rel}","templated":true}]}}