{"id":3913,"date":"2020-08-12T23:05:45","date_gmt":"2020-08-12T22:05:45","guid":{"rendered":"https:\/\/protectoravilagarcia.org\/?post_type=product&#038;p=3913"},"modified":"2020-08-12T23:05:45","modified_gmt":"2020-08-12T22:05:45","slug":"oliver","status":"publish","type":"product","link":"https:\/\/protectoravilagarcia.org\/es\/peludo\/oliver\/","title":{"rendered":"Oliver"},"content":{"rendered":"<p>Hola!! Soy aparec\u00ed por la escuela de Bamio siendo un poquito rosm\u00f3n, pero ahora con la gente soy muy muy cari\u00f1oso, pero no tanto con mis compa\u00f1eros peludos. Estuve adoptado durante un tiempo as\u00ed que se convivir muy bien en una casa y pasear s\u00faper bien.\u00a0 Si est\u00e1s interesado\/a en adoptarme llama al 986160110, manda un mail (info@protectoravilagarcia.org) o contacta por facebook (https:\/\/www. facebook. com\/protectoravilagarcia) o instagram.<\/p>\n","protected":false},"excerpt":{"rendered":"<p>Hola!! Soy aparec\u00ed por la escuela de Bamio siendo un poquito rosm\u00f3n, pero ahora con la gente soy muy muy cari\u00f1oso, pero no tanto con mis compa\u00f1eros peludos. Estuve adoptado durante un tiempo as\u00ed que se convivir muy bien en una casa y pasear s\u00faper bien.\u00a0 Si est\u00e1s interesado\/a en adoptarme llama al 986160110, manda [&hellip;]<\/p>\n","protected":false},"featured_media":3917,"template":"","meta":[],"product_brand":[],"product_cat":[9],"product_tag":[],"class_list":{"0":"post-3913","1":"product","2":"type-product","3":"status-publish","4":"has-post-thumbnail","6":"product_cat-en-adopcion","7":"pa_especie-perro","8":"pa_raza-podenco","9":"pa_sexo-macho","10":"pa_tamano-mediano","12":"first","13":"instock","14":"shipping-taxable","15":"product-type-simple"},"_links":{"self":[{"href":"https:\/\/protectoravilagarcia.org\/es\/wp-json\/wp\/v2\/product\/3913","targetHints":{"allow":["GET"]}}],"collection":[{"href":"https:\/\/protectoravilagarcia.org\/es\/wp-json\/wp\/v2\/product"}],"about":[{"href":"https:\/\/protectoravilagarcia.org\/es\/wp-json\/wp\/v2\/types\/product"}],"wp:featuredmedia":[{"embeddable":true,"href":"https:\/\/protectoravilagarcia.org\/es\/wp-json\/wp\/v2\/media\/3917"}],"wp:attachment":[{"href":"https:\/\/protectoravilagarcia.org\/es\/wp-json\/wp\/v2\/media?parent=3913"}],"wp:term":[{"taxonomy":"product_brand","embeddable":true,"href":"https:\/\/protectoravilagarcia.org\/es\/wp-json\/wp\/v2\/product_brand?post=3913"},{"taxonomy":"product_cat","embeddable":true,"href":"https:\/\/protectoravilagarcia.org\/es\/wp-json\/wp\/v2\/product_cat?post=3913"},{"taxonomy":"product_tag","embeddable":true,"href":"https:\/\/protectoravilagarcia.org\/es\/wp-json\/wp\/v2\/product_tag?post=3913"}],"curies":[{"name":"wp","href":"https:\/\/api.w.org\/{rel}","templated":true}]}}