{"id":3901,"date":"2020-08-12T22:50:32","date_gmt":"2020-08-12T20:50:32","guid":{"rendered":"https:\/\/protectoravilagarcia.org\/?post_type=product&#038;p=3901"},"modified":"2021-04-10T13:36:15","modified_gmt":"2021-04-10T11:36:15","slug":"susta-2","status":"publish","type":"product","link":"https:\/\/protectoravilagarcia.org\/es\/peludo\/susta-2\/","title":{"rendered":"Susta"},"content":{"rendered":"<p>Hola!! Soy Susta, una perrita s\u00faper adorable. Soy tranquila ay un poco t\u00edmida, ideal si quieres tener una compa\u00f1era de vida tranquilota.\u00a0 Si est\u00e1s interesado\/a en adoptarme llama al 986160110, manda un mail (info@protectoravilagarcia.org) o contacta por facebook (https:\/\/www. facebook. com\/protectoravilagarcia) o instagram.<\/p>\n","protected":false},"excerpt":{"rendered":"<p>Hola!! Soy Susta, una perrita s\u00faper adorable. Soy tranquila ay un poco t\u00edmida, ideal si quieres tener una compa\u00f1era de vida tranquilota.\u00a0 Si est\u00e1s interesado\/a en adoptarme llama al 986160110, manda un mail (info@protectoravilagarcia.org) o contacta por facebook (https:\/\/www. facebook. com\/protectoravilagarcia) o instagram.<\/p>\n","protected":false},"featured_media":3905,"template":"","meta":[],"product_brand":[],"product_cat":[46],"product_tag":[],"class_list":{"0":"post-3901","1":"product","2":"type-product","3":"status-publish","4":"has-post-thumbnail","6":"product_cat-adoptados","7":"pa_especie-perro","8":"pa_raza-mestiza","9":"pa_sexo-hembra","10":"pa_tamano-pequeno","12":"first","13":"instock","14":"shipping-taxable","15":"product-type-simple"},"_links":{"self":[{"href":"https:\/\/protectoravilagarcia.org\/es\/wp-json\/wp\/v2\/product\/3901","targetHints":{"allow":["GET"]}}],"collection":[{"href":"https:\/\/protectoravilagarcia.org\/es\/wp-json\/wp\/v2\/product"}],"about":[{"href":"https:\/\/protectoravilagarcia.org\/es\/wp-json\/wp\/v2\/types\/product"}],"wp:featuredmedia":[{"embeddable":true,"href":"https:\/\/protectoravilagarcia.org\/es\/wp-json\/wp\/v2\/media\/3905"}],"wp:attachment":[{"href":"https:\/\/protectoravilagarcia.org\/es\/wp-json\/wp\/v2\/media?parent=3901"}],"wp:term":[{"taxonomy":"product_brand","embeddable":true,"href":"https:\/\/protectoravilagarcia.org\/es\/wp-json\/wp\/v2\/product_brand?post=3901"},{"taxonomy":"product_cat","embeddable":true,"href":"https:\/\/protectoravilagarcia.org\/es\/wp-json\/wp\/v2\/product_cat?post=3901"},{"taxonomy":"product_tag","embeddable":true,"href":"https:\/\/protectoravilagarcia.org\/es\/wp-json\/wp\/v2\/product_tag?post=3901"}],"curies":[{"name":"wp","href":"https:\/\/api.w.org\/{rel}","templated":true}]}}