{"id":3797,"date":"2020-08-12T20:47:59","date_gmt":"2020-08-12T18:47:59","guid":{"rendered":"https:\/\/protectoravilagarcia.org\/?post_type=product&#038;p=3797"},"modified":"2021-09-10T17:58:57","modified_gmt":"2021-09-10T15:58:57","slug":"laguerza","status":"publish","type":"product","link":"https:\/\/protectoravilagarcia.org\/es\/peludo\/laguerza\/","title":{"rendered":"Laguerza"},"content":{"rendered":"<p>Hola soy Laguerza. Soy una grifona guap\u00edsima. Soy muy alegre y cari\u00f1osa, estoy todo el rato pidiendo mimitos cuando los voluntarios vienen a nuestro canil. Aunque soy un poco nerviosa prometo que si me adoptas har\u00e9 que tu vida sea mucho m\u00e1s entretenida. Si est\u00e1s interesado en darme una oportunidad llama al 986160110, manda un mail (info@protectoravilagarcia.org) o contacta por Facebook (https:\/\/www. facebook. com\/protectoravilagarcia)<\/p>\n","protected":false},"excerpt":{"rendered":"<p>Hola soy Laguerza. Soy una grifona guap\u00edsima. Soy muy alegre y cari\u00f1osa, estoy todo el rato pidiendo mimitos cuando los voluntarios vienen a nuestro canil. Aunque soy un poco nerviosa prometo que si me adoptas har\u00e9 que tu vida sea mucho m\u00e1s entretenida. Si est\u00e1s interesado en darme una oportunidad llama al 986160110, manda un [&hellip;]<\/p>\n","protected":false},"featured_media":3799,"template":"","meta":[],"product_brand":[],"product_cat":[44],"product_tag":[],"class_list":{"0":"post-3797","1":"product","2":"type-product","3":"status-publish","4":"has-post-thumbnail","6":"product_cat-cielo-prote","7":"pa_especie-perro","8":"pa_raza-grifon","9":"pa_sexo-hembra","10":"pa_tamano-grande","12":"first","13":"instock","14":"shipping-taxable","15":"product-type-simple"},"_links":{"self":[{"href":"https:\/\/protectoravilagarcia.org\/es\/wp-json\/wp\/v2\/product\/3797","targetHints":{"allow":["GET"]}}],"collection":[{"href":"https:\/\/protectoravilagarcia.org\/es\/wp-json\/wp\/v2\/product"}],"about":[{"href":"https:\/\/protectoravilagarcia.org\/es\/wp-json\/wp\/v2\/types\/product"}],"wp:featuredmedia":[{"embeddable":true,"href":"https:\/\/protectoravilagarcia.org\/es\/wp-json\/wp\/v2\/media\/3799"}],"wp:attachment":[{"href":"https:\/\/protectoravilagarcia.org\/es\/wp-json\/wp\/v2\/media?parent=3797"}],"wp:term":[{"taxonomy":"product_brand","embeddable":true,"href":"https:\/\/protectoravilagarcia.org\/es\/wp-json\/wp\/v2\/product_brand?post=3797"},{"taxonomy":"product_cat","embeddable":true,"href":"https:\/\/protectoravilagarcia.org\/es\/wp-json\/wp\/v2\/product_cat?post=3797"},{"taxonomy":"product_tag","embeddable":true,"href":"https:\/\/protectoravilagarcia.org\/es\/wp-json\/wp\/v2\/product_tag?post=3797"}],"curies":[{"name":"wp","href":"https:\/\/api.w.org\/{rel}","templated":true}]}}