{"id":3793,"date":"2020-08-12T20:41:18","date_gmt":"2020-08-12T19:41:18","guid":{"rendered":"https:\/\/protectoravilagarcia.org\/?post_type=product&#038;p=3793"},"modified":"2020-08-12T20:41:18","modified_gmt":"2020-08-12T19:41:18","slug":"walker","status":"publish","type":"product","link":"https:\/\/protectoravilagarcia.org\/es\/peludo\/walker\/","title":{"rendered":"Walker"},"content":{"rendered":"<p>Hola soy Walker, muchos seguros que me conocer\u00e9is porque antes pasaba mucho tiempo en la calle Rey Davi\u00f1a en Vilagarc\u00eda con mi antiguo due\u00f1o. Un d\u00eda se march\u00f3 y nos dej\u00f3 abandonados a m\u00ed y a mi compa\u00f1ero Yaki. El lo est\u00e1 pasando fatal en la protectora, yo en cambio soy un perrete muy feliz y alegre, aunque muy activo revoltoso. Soy un poco malabarista y me gusta subir all muro a cotillear a mis compa\u00f1eros. Necesito compa\u00f1\u00eda, si est\u00e1s interesado en darme una oportunidad llama al 986160110, manda un mail (info@protectoravilagarcia.org) o contacta por Facebook (https:\/\/www. facebook. com\/protectoravilagarcia)<\/p>\n","protected":false},"excerpt":{"rendered":"<p>Hola soy Walker, muchos seguros que me conocer\u00e9is porque antes pasaba mucho tiempo en la calle Rey Davi\u00f1a en Vilagarc\u00eda con mi antiguo due\u00f1o. Un d\u00eda se march\u00f3 y nos dej\u00f3 abandonados a m\u00ed y a mi compa\u00f1ero Yaki. El lo est\u00e1 pasando fatal en la protectora, yo en cambio soy un perrete muy feliz [&hellip;]<\/p>\n","protected":false},"featured_media":3795,"template":"","meta":[],"product_brand":[],"product_cat":[9],"product_tag":[],"class_list":{"0":"post-3793","1":"product","2":"type-product","3":"status-publish","4":"has-post-thumbnail","6":"product_cat-en-adopcion","7":"pa_especie-perro","8":"pa_raza-mestiza","9":"pa_sexo-macho","10":"pa_tamano-grande","12":"first","13":"instock","14":"shipping-taxable","15":"product-type-simple"},"_links":{"self":[{"href":"https:\/\/protectoravilagarcia.org\/es\/wp-json\/wp\/v2\/product\/3793","targetHints":{"allow":["GET"]}}],"collection":[{"href":"https:\/\/protectoravilagarcia.org\/es\/wp-json\/wp\/v2\/product"}],"about":[{"href":"https:\/\/protectoravilagarcia.org\/es\/wp-json\/wp\/v2\/types\/product"}],"wp:featuredmedia":[{"embeddable":true,"href":"https:\/\/protectoravilagarcia.org\/es\/wp-json\/wp\/v2\/media\/3795"}],"wp:attachment":[{"href":"https:\/\/protectoravilagarcia.org\/es\/wp-json\/wp\/v2\/media?parent=3793"}],"wp:term":[{"taxonomy":"product_brand","embeddable":true,"href":"https:\/\/protectoravilagarcia.org\/es\/wp-json\/wp\/v2\/product_brand?post=3793"},{"taxonomy":"product_cat","embeddable":true,"href":"https:\/\/protectoravilagarcia.org\/es\/wp-json\/wp\/v2\/product_cat?post=3793"},{"taxonomy":"product_tag","embeddable":true,"href":"https:\/\/protectoravilagarcia.org\/es\/wp-json\/wp\/v2\/product_tag?post=3793"}],"curies":[{"name":"wp","href":"https:\/\/api.w.org\/{rel}","templated":true}]}}