{"id":3790,"date":"2020-08-12T20:31:48","date_gmt":"2020-08-12T19:31:48","guid":{"rendered":"https:\/\/protectoravilagarcia.org\/?post_type=product&#038;p=3790"},"modified":"2020-08-12T20:31:48","modified_gmt":"2020-08-12T19:31:48","slug":"yaki","status":"publish","type":"product","link":"https:\/\/protectoravilagarcia.org\/es\/peludo\/yaki\/","title":{"rendered":"Yaki"},"content":{"rendered":"<p>Hola soy Yaki, muchos seguros que me conocer\u00e9is porque antes pasaba mucho tiempo en la calle Rey Davi\u00f1a en Vilagarc\u00eda con mi antiguo due\u00f1o. Un d\u00eda se march\u00f3 y nos dej\u00f3 abandonados a mi y a mi compa\u00f1ero Walker. Walker es un perrito muy feliz est\u00e9 donde est\u00e9, pero yo&#8230;..lo estoy pasando muy muy mal en la protectora. Aunque los voluntarios se esfuerzan mucho para sacarme de paseo y darme mimitos estoy muy triste y lloro todo el d\u00eda. Pero es que mi vida a dado un cambio muy radical de estar todo el d\u00eda acompa\u00f1ado de mi due\u00f1o y en la calle muchas horas a estar en un canil. Necesito compa\u00f1\u00eda, si est\u00e1s interesado en darme una oportunidad llama al 986160110, manda un mail (info@protectoravilagarcia.org) o contacta por Facebook (https:\/\/www. facebook. com\/protectoravilagarcia)<\/p>\n","protected":false},"excerpt":{"rendered":"<p>Hola soy Yaki, muchos seguros que me conocer\u00e9is porque antes pasaba mucho tiempo en la calle Rey Davi\u00f1a en Vilagarc\u00eda con mi antiguo due\u00f1o. Un d\u00eda se march\u00f3 y nos dej\u00f3 abandonados a mi y a mi compa\u00f1ero Walker. Walker es un perrito muy feliz est\u00e9 donde est\u00e9, pero yo&#8230;..lo estoy pasando muy muy mal [&hellip;]<\/p>\n","protected":false},"featured_media":3792,"template":"","meta":[],"product_brand":[],"product_cat":[9],"product_tag":[],"class_list":{"0":"post-3790","1":"product","2":"type-product","3":"status-publish","4":"has-post-thumbnail","6":"product_cat-en-adopcion","7":"pa_especie-perro","8":"pa_raza-mestiza","9":"pa_sexo-macho","10":"pa_tamano-mediano","12":"first","13":"instock","14":"shipping-taxable","15":"product-type-simple"},"_links":{"self":[{"href":"https:\/\/protectoravilagarcia.org\/es\/wp-json\/wp\/v2\/product\/3790","targetHints":{"allow":["GET"]}}],"collection":[{"href":"https:\/\/protectoravilagarcia.org\/es\/wp-json\/wp\/v2\/product"}],"about":[{"href":"https:\/\/protectoravilagarcia.org\/es\/wp-json\/wp\/v2\/types\/product"}],"wp:featuredmedia":[{"embeddable":true,"href":"https:\/\/protectoravilagarcia.org\/es\/wp-json\/wp\/v2\/media\/3792"}],"wp:attachment":[{"href":"https:\/\/protectoravilagarcia.org\/es\/wp-json\/wp\/v2\/media?parent=3790"}],"wp:term":[{"taxonomy":"product_brand","embeddable":true,"href":"https:\/\/protectoravilagarcia.org\/es\/wp-json\/wp\/v2\/product_brand?post=3790"},{"taxonomy":"product_cat","embeddable":true,"href":"https:\/\/protectoravilagarcia.org\/es\/wp-json\/wp\/v2\/product_cat?post=3790"},{"taxonomy":"product_tag","embeddable":true,"href":"https:\/\/protectoravilagarcia.org\/es\/wp-json\/wp\/v2\/product_tag?post=3790"}],"curies":[{"name":"wp","href":"https:\/\/api.w.org\/{rel}","templated":true}]}}