{"id":3731,"date":"2020-08-12T09:02:52","date_gmt":"2020-08-12T08:02:52","guid":{"rendered":"https:\/\/protectoravilagarcia.org\/?post_type=product&#038;p=3731"},"modified":"2020-08-12T09:02:52","modified_gmt":"2020-08-12T08:02:52","slug":"dubi","status":"publish","type":"product","link":"https:\/\/protectoravilagarcia.org\/es\/peludo\/dubi\/","title":{"rendered":"Dubi"},"content":{"rendered":"<p>Hola!! Soy Dubi, un perrazo muy simp\u00e1tico. Soy muy cari\u00f1oso, me gusta mucho la gente, aunque a veces causo alg\u00fan problemilla con mis compa\u00f1eros peludos, pero nada demasiado grave. Soy alegre y muy activo pero muy muy bueno. Si est\u00e1s interesado en darme una oportunidad llama al 986160110, manda un mail (info@protectoravilagarcia.org) o contacta por Facebook (https:\/\/www. facebook. com\/protectoravilagarcia)<\/p>\n","protected":false},"excerpt":{"rendered":"<p>Hola!! Soy Dubi, un perrazo muy simp\u00e1tico. Soy muy cari\u00f1oso, me gusta mucho la gente, aunque a veces causo alg\u00fan problemilla con mis compa\u00f1eros peludos, pero nada demasiado grave. Soy alegre y muy activo pero muy muy bueno. Si est\u00e1s interesado en darme una oportunidad llama al 986160110, manda un mail (info@protectoravilagarcia.org) o contacta por [&hellip;]<\/p>\n","protected":false},"featured_media":3732,"template":"","meta":[],"product_brand":[],"product_cat":[9],"product_tag":[],"class_list":{"0":"post-3731","1":"product","2":"type-product","3":"status-publish","4":"has-post-thumbnail","6":"product_cat-en-adopcion","7":"pa_especie-perro","8":"pa_raza-mestiza","9":"pa_sexo-macho","10":"pa_tamano-mediano","12":"first","13":"instock","14":"shipping-taxable","15":"product-type-simple"},"_links":{"self":[{"href":"https:\/\/protectoravilagarcia.org\/es\/wp-json\/wp\/v2\/product\/3731","targetHints":{"allow":["GET"]}}],"collection":[{"href":"https:\/\/protectoravilagarcia.org\/es\/wp-json\/wp\/v2\/product"}],"about":[{"href":"https:\/\/protectoravilagarcia.org\/es\/wp-json\/wp\/v2\/types\/product"}],"wp:featuredmedia":[{"embeddable":true,"href":"https:\/\/protectoravilagarcia.org\/es\/wp-json\/wp\/v2\/media\/3732"}],"wp:attachment":[{"href":"https:\/\/protectoravilagarcia.org\/es\/wp-json\/wp\/v2\/media?parent=3731"}],"wp:term":[{"taxonomy":"product_brand","embeddable":true,"href":"https:\/\/protectoravilagarcia.org\/es\/wp-json\/wp\/v2\/product_brand?post=3731"},{"taxonomy":"product_cat","embeddable":true,"href":"https:\/\/protectoravilagarcia.org\/es\/wp-json\/wp\/v2\/product_cat?post=3731"},{"taxonomy":"product_tag","embeddable":true,"href":"https:\/\/protectoravilagarcia.org\/es\/wp-json\/wp\/v2\/product_tag?post=3731"}],"curies":[{"name":"wp","href":"https:\/\/api.w.org\/{rel}","templated":true}]}}