{"id":3727,"date":"2020-08-12T08:56:50","date_gmt":"2020-08-12T07:56:50","guid":{"rendered":"https:\/\/protectoravilagarcia.org\/?post_type=product&#038;p=3727"},"modified":"2020-08-12T08:56:50","modified_gmt":"2020-08-12T07:56:50","slug":"asha","status":"publish","type":"product","link":"https:\/\/protectoravilagarcia.org\/es\/peludo\/asha\/","title":{"rendered":"Asha"},"content":{"rendered":"<p>Hola!! Soy Asha, una perrita muy guapa como pod\u00e9is ver. Tengo un car\u00e1cter un tanto especial as\u00ed que la familia que me adopte tendr\u00e1 que tener un poquito de paciencia y ser muy constante conmigo. A\u00fan as\u00ed soy cari\u00f1osa y simp\u00e1tica. Si est\u00e1s interesado en darme una oportunidad llama al 986160110, manda un mail (info@protectoravilagarcia.org) o contacta por Facebook (https:\/\/www. facebook. com\/protectoravilagarcia)<\/p>\n","protected":false},"excerpt":{"rendered":"<p>Hola!! Soy Asha, una perrita muy guapa como pod\u00e9is ver. Tengo un car\u00e1cter un tanto especial as\u00ed que la familia que me adopte tendr\u00e1 que tener un poquito de paciencia y ser muy constante conmigo. A\u00fan as\u00ed soy cari\u00f1osa y simp\u00e1tica. Si est\u00e1s interesado en darme una oportunidad llama al 986160110, manda un mail (info@protectoravilagarcia.org) [&hellip;]<\/p>\n","protected":false},"featured_media":3729,"template":"","meta":[],"product_brand":[],"product_cat":[9],"product_tag":[],"class_list":{"0":"post-3727","1":"product","2":"type-product","3":"status-publish","4":"has-post-thumbnail","6":"product_cat-en-adopcion","7":"pa_especie-perro","8":"pa_raza-mestiza","9":"pa_sexo-hembra","10":"pa_tamano-mediano","12":"first","13":"instock","14":"shipping-taxable","15":"product-type-simple"},"_links":{"self":[{"href":"https:\/\/protectoravilagarcia.org\/es\/wp-json\/wp\/v2\/product\/3727","targetHints":{"allow":["GET"]}}],"collection":[{"href":"https:\/\/protectoravilagarcia.org\/es\/wp-json\/wp\/v2\/product"}],"about":[{"href":"https:\/\/protectoravilagarcia.org\/es\/wp-json\/wp\/v2\/types\/product"}],"wp:featuredmedia":[{"embeddable":true,"href":"https:\/\/protectoravilagarcia.org\/es\/wp-json\/wp\/v2\/media\/3729"}],"wp:attachment":[{"href":"https:\/\/protectoravilagarcia.org\/es\/wp-json\/wp\/v2\/media?parent=3727"}],"wp:term":[{"taxonomy":"product_brand","embeddable":true,"href":"https:\/\/protectoravilagarcia.org\/es\/wp-json\/wp\/v2\/product_brand?post=3727"},{"taxonomy":"product_cat","embeddable":true,"href":"https:\/\/protectoravilagarcia.org\/es\/wp-json\/wp\/v2\/product_cat?post=3727"},{"taxonomy":"product_tag","embeddable":true,"href":"https:\/\/protectoravilagarcia.org\/es\/wp-json\/wp\/v2\/product_tag?post=3727"}],"curies":[{"name":"wp","href":"https:\/\/api.w.org\/{rel}","templated":true}]}}