{"id":3722,"date":"2020-08-11T22:32:12","date_gmt":"2020-08-11T20:32:12","guid":{"rendered":"https:\/\/protectoravilagarcia.org\/?post_type=product&#038;p=3722"},"modified":"2021-04-10T13:36:33","modified_gmt":"2021-04-10T11:36:33","slug":"juno","status":"publish","type":"product","link":"https:\/\/protectoravilagarcia.org\/es\/peludo\/juno\/","title":{"rendered":"Juno"},"content":{"rendered":"<p>Hola!! Soy Juno, una perrita s\u00faper adorable. Soy muy cari\u00f1osa, pero un poco t\u00edmida aunque muy alegre. Tambi\u00e9n soy un poco traviesa, me encanta saltar del recinto para darme un pase\u00edto por la prote e ir a saludar a los dem\u00e1s compa\u00f1eros Si est\u00e1s interesado en darme una oportunidad llama al 986160110, manda un mail (info@protectoravilagarcia.org) o contacta por Facebook (https:\/\/www. facebook. com\/protectoravilagarcia)<\/p>\n","protected":false},"excerpt":{"rendered":"<p>Hola!! Soy Juno, una perrita s\u00faper adorable. Soy muy cari\u00f1osa, pero un poco t\u00edmida aunque muy alegre. Tambi\u00e9n soy un poco traviesa, me encanta saltar del recinto para darme un pase\u00edto por la prote e ir a saludar a los dem\u00e1s compa\u00f1eros Si est\u00e1s interesado en darme una oportunidad llama al 986160110, manda un mail [&hellip;]<\/p>\n","protected":false},"featured_media":3726,"template":"","meta":[],"product_brand":[],"product_cat":[46],"product_tag":[],"class_list":{"0":"post-3722","1":"product","2":"type-product","3":"status-publish","4":"has-post-thumbnail","6":"product_cat-adoptados","7":"pa_especie-perro","8":"pa_raza-mestiza","9":"pa_sexo-hembra","10":"pa_tamano-mediano","12":"first","13":"instock","14":"shipping-taxable","15":"product-type-simple"},"_links":{"self":[{"href":"https:\/\/protectoravilagarcia.org\/es\/wp-json\/wp\/v2\/product\/3722","targetHints":{"allow":["GET"]}}],"collection":[{"href":"https:\/\/protectoravilagarcia.org\/es\/wp-json\/wp\/v2\/product"}],"about":[{"href":"https:\/\/protectoravilagarcia.org\/es\/wp-json\/wp\/v2\/types\/product"}],"wp:featuredmedia":[{"embeddable":true,"href":"https:\/\/protectoravilagarcia.org\/es\/wp-json\/wp\/v2\/media\/3726"}],"wp:attachment":[{"href":"https:\/\/protectoravilagarcia.org\/es\/wp-json\/wp\/v2\/media?parent=3722"}],"wp:term":[{"taxonomy":"product_brand","embeddable":true,"href":"https:\/\/protectoravilagarcia.org\/es\/wp-json\/wp\/v2\/product_brand?post=3722"},{"taxonomy":"product_cat","embeddable":true,"href":"https:\/\/protectoravilagarcia.org\/es\/wp-json\/wp\/v2\/product_cat?post=3722"},{"taxonomy":"product_tag","embeddable":true,"href":"https:\/\/protectoravilagarcia.org\/es\/wp-json\/wp\/v2\/product_tag?post=3722"}],"curies":[{"name":"wp","href":"https:\/\/api.w.org\/{rel}","templated":true}]}}