{"id":3692,"date":"2020-08-11T21:25:07","date_gmt":"2020-08-11T19:25:07","guid":{"rendered":"https:\/\/protectoravilagarcia.org\/?post_type=product&#038;p=3692"},"modified":"2021-04-10T13:36:55","modified_gmt":"2021-04-10T11:36:55","slug":"pechi","status":"publish","type":"product","link":"https:\/\/protectoravilagarcia.org\/es\/peludo\/pechi\/","title":{"rendered":"Pechi"},"content":{"rendered":"<p>Hola!! Soy Pechi, una perrita muy simp\u00e1tica. Llegu\u00e9 a la prote un poco pachucha, con el pelo fatal y con mis hijitos que ya fueron adoptados. Ahora estoy totalmente recuperada, tengo un pelo precioso, soy simp\u00e1tica y muy cari\u00f1osa. Me llevo bien con mis colegas peludos y prometo que si me adoptas har\u00e9 que tu vida sea muy muy especial. Si est\u00e1s interesando\/a en adoptarme llama al 986160110, manda un mail (info@protectoravilagarcia.org) o contacta por facebook (https:\/\/www. facebook. com\/protectoravilagarcia)<\/p>\n","protected":false},"excerpt":{"rendered":"<p>Hola!! Soy Pechi, una perrita muy simp\u00e1tica. Llegu\u00e9 a la prote un poco pachucha, con el pelo fatal y con mis hijitos que ya fueron adoptados. Ahora estoy totalmente recuperada, tengo un pelo precioso, soy simp\u00e1tica y muy cari\u00f1osa. Me llevo bien con mis colegas peludos y prometo que si me adoptas har\u00e9 que tu [&hellip;]<\/p>\n","protected":false},"featured_media":3693,"template":"","meta":[],"product_brand":[],"product_cat":[46],"product_tag":[],"class_list":{"0":"post-3692","1":"product","2":"type-product","3":"status-publish","4":"has-post-thumbnail","6":"product_cat-adoptados","7":"pa_especie-perro","8":"pa_raza-mestiza","9":"pa_sexo-hembra","10":"pa_tamano-pequeno","12":"first","13":"instock","14":"shipping-taxable","15":"product-type-simple"},"_links":{"self":[{"href":"https:\/\/protectoravilagarcia.org\/es\/wp-json\/wp\/v2\/product\/3692","targetHints":{"allow":["GET"]}}],"collection":[{"href":"https:\/\/protectoravilagarcia.org\/es\/wp-json\/wp\/v2\/product"}],"about":[{"href":"https:\/\/protectoravilagarcia.org\/es\/wp-json\/wp\/v2\/types\/product"}],"wp:featuredmedia":[{"embeddable":true,"href":"https:\/\/protectoravilagarcia.org\/es\/wp-json\/wp\/v2\/media\/3693"}],"wp:attachment":[{"href":"https:\/\/protectoravilagarcia.org\/es\/wp-json\/wp\/v2\/media?parent=3692"}],"wp:term":[{"taxonomy":"product_brand","embeddable":true,"href":"https:\/\/protectoravilagarcia.org\/es\/wp-json\/wp\/v2\/product_brand?post=3692"},{"taxonomy":"product_cat","embeddable":true,"href":"https:\/\/protectoravilagarcia.org\/es\/wp-json\/wp\/v2\/product_cat?post=3692"},{"taxonomy":"product_tag","embeddable":true,"href":"https:\/\/protectoravilagarcia.org\/es\/wp-json\/wp\/v2\/product_tag?post=3692"}],"curies":[{"name":"wp","href":"https:\/\/api.w.org\/{rel}","templated":true}]}}