{"id":3666,"date":"2020-08-10T23:08:46","date_gmt":"2020-08-10T22:08:46","guid":{"rendered":"https:\/\/protectoravilagarcia.org\/?post_type=product&#038;p=3666"},"modified":"2020-08-10T23:08:46","modified_gmt":"2020-08-10T22:08:46","slug":"mili-2","status":"publish","type":"product","link":"https:\/\/protectoravilagarcia.org\/es\/peludo\/mili-2\/","title":{"rendered":"Mili"},"content":{"rendered":"<p>Hola, soy Mili:<\/p>\n<p>Soy una perrita muy buena. Soy un poquito t\u00edmida pero soy adorable. Me llevo muy bien con mis colegas peludos, llevo mucho tiempo con ellos. Cuando era peque\u00f1ita tuve un brote de sarna muy fuerte, y aunque hace mucho que estoy curada me quedaron unas marquitas en la cara que me hacen s\u00faper especial. Mi hermanito Zipi contin\u00faa aqu\u00ed conmigo en la prote, y los dos buscamos un hogar para siempre.<\/p>\n<p>Si est\u00e1s interesado en darme una oportunidad llama al 986160110, manda un mail (info@protectoravilagarcia.org) o contacta por Facebook (https:\/\/www. facebook. com\/protectoravilagarcia)<\/p>\n","protected":false},"excerpt":{"rendered":"<p>Hola, soy Mili: Soy una perrita muy buena. Soy un poquito t\u00edmida pero soy adorable. Me llevo muy bien con mis colegas peludos, llevo mucho tiempo con ellos. Cuando era peque\u00f1ita tuve un brote de sarna muy fuerte, y aunque hace mucho que estoy curada me quedaron unas marquitas en la cara que me hacen [&hellip;]<\/p>\n","protected":false},"featured_media":3668,"template":"","meta":[],"product_brand":[],"product_cat":[9],"product_tag":[],"class_list":{"0":"post-3666","1":"product","2":"type-product","3":"status-publish","4":"has-post-thumbnail","6":"product_cat-en-adopcion","7":"pa_especie-perro","8":"pa_raza-mestiza","9":"pa_sexo-hembra","10":"pa_tamano-mediano","12":"first","13":"instock","14":"shipping-taxable","15":"product-type-simple"},"_links":{"self":[{"href":"https:\/\/protectoravilagarcia.org\/es\/wp-json\/wp\/v2\/product\/3666","targetHints":{"allow":["GET"]}}],"collection":[{"href":"https:\/\/protectoravilagarcia.org\/es\/wp-json\/wp\/v2\/product"}],"about":[{"href":"https:\/\/protectoravilagarcia.org\/es\/wp-json\/wp\/v2\/types\/product"}],"wp:featuredmedia":[{"embeddable":true,"href":"https:\/\/protectoravilagarcia.org\/es\/wp-json\/wp\/v2\/media\/3668"}],"wp:attachment":[{"href":"https:\/\/protectoravilagarcia.org\/es\/wp-json\/wp\/v2\/media?parent=3666"}],"wp:term":[{"taxonomy":"product_brand","embeddable":true,"href":"https:\/\/protectoravilagarcia.org\/es\/wp-json\/wp\/v2\/product_brand?post=3666"},{"taxonomy":"product_cat","embeddable":true,"href":"https:\/\/protectoravilagarcia.org\/es\/wp-json\/wp\/v2\/product_cat?post=3666"},{"taxonomy":"product_tag","embeddable":true,"href":"https:\/\/protectoravilagarcia.org\/es\/wp-json\/wp\/v2\/product_tag?post=3666"}],"curies":[{"name":"wp","href":"https:\/\/api.w.org\/{rel}","templated":true}]}}