{"id":3641,"date":"2020-08-10T22:17:08","date_gmt":"2020-08-10T20:17:08","guid":{"rendered":"https:\/\/protectoravilagarcia.org\/?post_type=product&#038;p=3641"},"modified":"2021-04-10T13:37:07","modified_gmt":"2021-04-10T11:37:07","slug":"liberiahola-soy-gordi-soy-una-perrito-muy-bueno-soy-muy-carinoso-soy-sociable-y-alegre-me-gustan-mis-colegas-peludos-y-como-podeis-ver-soy-todo-un-guaperas-si-estas-interesado-en-darme-una-opo","status":"publish","type":"product","link":"https:\/\/protectoravilagarcia.org\/es\/peludo\/liberiahola-soy-gordi-soy-una-perrito-muy-bueno-soy-muy-carinoso-soy-sociable-y-alegre-me-gustan-mis-colegas-peludos-y-como-podeis-ver-soy-todo-un-guaperas-si-estas-interesado-en-darme-una-opo\/","title":{"rendered":"Liberia"},"content":{"rendered":"<p>Hola!! Soy Liberia, tuve que venir a la prote porque mi due\u00f1o falleci\u00f3, as\u00ed que ya estoy acostumbrada a convivir con una familia. Soy muy buena y cari\u00f1osa, me gustan los mimitos y me llevo muy bien con mis colegas peludos. Si est\u00e1s interesado en darme una oportunidad llama al 986160110, manda un mail (info@protectoravilagarcia.org), contacta por Facebook (https:\/\/www. facebook. com\/protectoravilagarcia) o por instagram.<\/p>\n","protected":false},"excerpt":{"rendered":"<p>Hola!! Soy Liberia, tuve que venir a la prote porque mi due\u00f1o falleci\u00f3, as\u00ed que ya estoy acostumbrada a convivir con una familia. Soy muy buena y cari\u00f1osa, me gustan los mimitos y me llevo muy bien con mis colegas peludos. Si est\u00e1s interesado en darme una oportunidad llama al 986160110, manda un mail (info@protectoravilagarcia.org), [&hellip;]<\/p>\n","protected":false},"featured_media":3643,"template":"","meta":[],"product_brand":[],"product_cat":[46],"product_tag":[],"class_list":{"0":"post-3641","1":"product","2":"type-product","3":"status-publish","4":"has-post-thumbnail","6":"product_cat-adoptados","7":"pa_especie-perro","8":"pa_raza-mestiza","9":"pa_sexo-hembra","10":"pa_tamano-mediano","12":"first","13":"instock","14":"shipping-taxable","15":"product-type-simple"},"_links":{"self":[{"href":"https:\/\/protectoravilagarcia.org\/es\/wp-json\/wp\/v2\/product\/3641","targetHints":{"allow":["GET"]}}],"collection":[{"href":"https:\/\/protectoravilagarcia.org\/es\/wp-json\/wp\/v2\/product"}],"about":[{"href":"https:\/\/protectoravilagarcia.org\/es\/wp-json\/wp\/v2\/types\/product"}],"wp:featuredmedia":[{"embeddable":true,"href":"https:\/\/protectoravilagarcia.org\/es\/wp-json\/wp\/v2\/media\/3643"}],"wp:attachment":[{"href":"https:\/\/protectoravilagarcia.org\/es\/wp-json\/wp\/v2\/media?parent=3641"}],"wp:term":[{"taxonomy":"product_brand","embeddable":true,"href":"https:\/\/protectoravilagarcia.org\/es\/wp-json\/wp\/v2\/product_brand?post=3641"},{"taxonomy":"product_cat","embeddable":true,"href":"https:\/\/protectoravilagarcia.org\/es\/wp-json\/wp\/v2\/product_cat?post=3641"},{"taxonomy":"product_tag","embeddable":true,"href":"https:\/\/protectoravilagarcia.org\/es\/wp-json\/wp\/v2\/product_tag?post=3641"}],"curies":[{"name":"wp","href":"https:\/\/api.w.org\/{rel}","templated":true}]}}