{"id":3552,"date":"2020-07-02T16:09:01","date_gmt":"2020-07-02T14:09:01","guid":{"rendered":"https:\/\/protectoravilagarcia.org\/?post_type=product&#038;p=3552"},"modified":"2021-04-10T13:37:30","modified_gmt":"2021-04-10T11:37:30","slug":"white","status":"publish","type":"product","link":"https:\/\/protectoravilagarcia.org\/es\/peludo\/white\/","title":{"rendered":"White"},"content":{"rendered":"<p>Hola a todos!! Soy White, un perrete muy guapo. Soy muy alegre y sociable, soy cari\u00f1oso y juguet\u00f3n. Tengo bastante energ\u00eda pero tambi\u00e9n soy muy bueno y tranquilo. Me gusta mucho la gente y me llevo muy bien con mis colegas peludos. Si est\u00e1s interesado en darme una oportunidad llama al 986160110, manda un mail (info@protectoravilagarcia.org) o contacta por Facebook (https:\/\/www. facebook. com\/protectoravilagarcia)<\/p>\n","protected":false},"excerpt":{"rendered":"<p>Hola a todos!! Soy White, un perrete muy guapo. Soy muy alegre y sociable, soy cari\u00f1oso y juguet\u00f3n. Tengo bastante energ\u00eda pero tambi\u00e9n soy muy bueno y tranquilo. Me gusta mucho la gente y me llevo muy bien con mis colegas peludos. Si est\u00e1s interesado en darme una oportunidad llama al 986160110, manda un mail (info@protectoravilagarcia.org) o contacta por Facebook (https:\/\/www. facebook. com\/protectoravilagarcia)<\/p>\n","protected":false},"featured_media":3556,"template":"","meta":[],"product_brand":[],"product_cat":[46],"product_tag":[],"class_list":{"0":"post-3552","1":"product","2":"type-product","3":"status-publish","4":"has-post-thumbnail","6":"product_cat-adoptados","7":"pa_especie-perro","8":"pa_raza-mestiza-sabueso","9":"pa_sexo-macho","10":"pa_tamano-grande","11":"pa_tamano-mediano","13":"first","14":"instock","15":"shipping-taxable","16":"product-type-simple"},"_links":{"self":[{"href":"https:\/\/protectoravilagarcia.org\/es\/wp-json\/wp\/v2\/product\/3552","targetHints":{"allow":["GET"]}}],"collection":[{"href":"https:\/\/protectoravilagarcia.org\/es\/wp-json\/wp\/v2\/product"}],"about":[{"href":"https:\/\/protectoravilagarcia.org\/es\/wp-json\/wp\/v2\/types\/product"}],"wp:featuredmedia":[{"embeddable":true,"href":"https:\/\/protectoravilagarcia.org\/es\/wp-json\/wp\/v2\/media\/3556"}],"wp:attachment":[{"href":"https:\/\/protectoravilagarcia.org\/es\/wp-json\/wp\/v2\/media?parent=3552"}],"wp:term":[{"taxonomy":"product_brand","embeddable":true,"href":"https:\/\/protectoravilagarcia.org\/es\/wp-json\/wp\/v2\/product_brand?post=3552"},{"taxonomy":"product_cat","embeddable":true,"href":"https:\/\/protectoravilagarcia.org\/es\/wp-json\/wp\/v2\/product_cat?post=3552"},{"taxonomy":"product_tag","embeddable":true,"href":"https:\/\/protectoravilagarcia.org\/es\/wp-json\/wp\/v2\/product_tag?post=3552"}],"curies":[{"name":"wp","href":"https:\/\/api.w.org\/{rel}","templated":true}]}}