{"id":3548,"date":"2020-07-02T15:55:31","date_gmt":"2020-07-02T14:55:31","guid":{"rendered":"https:\/\/protectoravilagarcia.org\/?post_type=product&#038;p=3548"},"modified":"2020-07-02T15:55:32","modified_gmt":"2020-07-02T14:55:32","slug":"pe-2","status":"publish","type":"product","link":"https:\/\/protectoravilagarcia.org\/es\/peludo\/pe-2\/","title":{"rendered":"Pe"},"content":{"rendered":"<p>Hola!! Soy Pe, una perrita un poco t\u00edmida. No me gusta demasiado la gente, pero si que me gustan mucho mis amigos peludos. Los voluntarios est\u00e1n sorprendidos porque \u00faltimamente parece que tengo un poco m\u00e1s de curiosidad hacia las personas. Seguro que si encuentro una familia con un poco de paciencia terminar\u00e9 solt\u00e1ndome de todo y ser\u00e1 la mejor perra del mundo \u00bfOs anim\u00e1is a ser esa familia? Si est\u00e1s interesado en darme una oportunidad llama al 986160110, manda un mail (info@protectoravilagarcia.org) o contacta por Facebook (https:\/\/www. facebook. com\/protectoravilagarcia)<\/p>\n","protected":false},"excerpt":{"rendered":"<p>Hola!! Soy Pe, una perrita un poco t\u00edmida. No me gusta demasiado la gente, pero si que me gustan mucho mis amigos peludos. Los voluntarios est\u00e1n sorprendidos porque \u00faltimamente parece que tengo un poco m\u00e1s de curiosidad hacia las personas. Seguro que si encuentro una familia con un poco de paciencia terminar\u00e9 solt\u00e1ndome de todo y ser\u00e1 la mejor perra del mundo \u00bfOs anim\u00e1is a ser esa familia? Si est\u00e1s interesado en darme una oportunidad llama al 986160110, manda un mail (info@protectoravilagarcia.org) o contacta por Facebook (https:\/\/www. facebook. com\/protectoravilagarcia)<\/p>\n","protected":false},"featured_media":3550,"template":"","meta":[],"product_brand":[],"product_cat":[9],"product_tag":[],"class_list":{"0":"post-3548","1":"product","2":"type-product","3":"status-publish","4":"has-post-thumbnail","6":"product_cat-en-adopcion","7":"pa_especie-perro","8":"pa_raza-mestiza","9":"pa_sexo-hembra","10":"pa_tamano-pequeno","12":"first","13":"instock","14":"shipping-taxable","15":"product-type-simple"},"_links":{"self":[{"href":"https:\/\/protectoravilagarcia.org\/es\/wp-json\/wp\/v2\/product\/3548","targetHints":{"allow":["GET"]}}],"collection":[{"href":"https:\/\/protectoravilagarcia.org\/es\/wp-json\/wp\/v2\/product"}],"about":[{"href":"https:\/\/protectoravilagarcia.org\/es\/wp-json\/wp\/v2\/types\/product"}],"wp:featuredmedia":[{"embeddable":true,"href":"https:\/\/protectoravilagarcia.org\/es\/wp-json\/wp\/v2\/media\/3550"}],"wp:attachment":[{"href":"https:\/\/protectoravilagarcia.org\/es\/wp-json\/wp\/v2\/media?parent=3548"}],"wp:term":[{"taxonomy":"product_brand","embeddable":true,"href":"https:\/\/protectoravilagarcia.org\/es\/wp-json\/wp\/v2\/product_brand?post=3548"},{"taxonomy":"product_cat","embeddable":true,"href":"https:\/\/protectoravilagarcia.org\/es\/wp-json\/wp\/v2\/product_cat?post=3548"},{"taxonomy":"product_tag","embeddable":true,"href":"https:\/\/protectoravilagarcia.org\/es\/wp-json\/wp\/v2\/product_tag?post=3548"}],"curies":[{"name":"wp","href":"https:\/\/api.w.org\/{rel}","templated":true}]}}