{"id":3396,"date":"2020-03-08T18:16:09","date_gmt":"2020-03-08T17:16:09","guid":{"rendered":"https:\/\/protectoravilagarcia.org\/?post_type=product&#038;p=3396"},"modified":"2021-04-10T13:37:48","modified_gmt":"2021-04-10T11:37:48","slug":"aran","status":"publish","type":"product","link":"https:\/\/protectoravilagarcia.org\/es\/peludo\/aran\/","title":{"rendered":"Aran"},"content":{"rendered":"<p>Hola! Soy Ar\u00e1n, un cachorr\u00f3n adorable que est\u00e1 buscando un hogar para siempre. Si puede ser el tuyo llama al 986160110, manda un mail (info@protectoravilagarcia.org) o contacta por facebook o instgram.<\/p>\n","protected":false},"excerpt":{"rendered":"<p>Hola! Soy Ar\u00e1n, un cachorr\u00f3n adorable que est\u00e1 buscando un hogar para siempre. Si puede ser el tuyo llama al 986160110, manda un mail (info@protectoravilagarcia.org) o contacta por facebook o instgram.<\/p>\n","protected":false},"featured_media":3397,"template":"","meta":[],"product_brand":[],"product_cat":[46],"product_tag":[],"class_list":{"0":"post-3396","1":"product","2":"type-product","3":"status-publish","4":"has-post-thumbnail","6":"product_cat-adoptados","7":"pa_especie-perro","8":"pa_raza-mestiza","9":"pa_sexo-macho","10":"pa_tamano-grande","12":"first","13":"instock","14":"shipping-taxable","15":"product-type-simple"},"_links":{"self":[{"href":"https:\/\/protectoravilagarcia.org\/es\/wp-json\/wp\/v2\/product\/3396","targetHints":{"allow":["GET"]}}],"collection":[{"href":"https:\/\/protectoravilagarcia.org\/es\/wp-json\/wp\/v2\/product"}],"about":[{"href":"https:\/\/protectoravilagarcia.org\/es\/wp-json\/wp\/v2\/types\/product"}],"wp:featuredmedia":[{"embeddable":true,"href":"https:\/\/protectoravilagarcia.org\/es\/wp-json\/wp\/v2\/media\/3397"}],"wp:attachment":[{"href":"https:\/\/protectoravilagarcia.org\/es\/wp-json\/wp\/v2\/media?parent=3396"}],"wp:term":[{"taxonomy":"product_brand","embeddable":true,"href":"https:\/\/protectoravilagarcia.org\/es\/wp-json\/wp\/v2\/product_brand?post=3396"},{"taxonomy":"product_cat","embeddable":true,"href":"https:\/\/protectoravilagarcia.org\/es\/wp-json\/wp\/v2\/product_cat?post=3396"},{"taxonomy":"product_tag","embeddable":true,"href":"https:\/\/protectoravilagarcia.org\/es\/wp-json\/wp\/v2\/product_tag?post=3396"}],"curies":[{"name":"wp","href":"https:\/\/api.w.org\/{rel}","templated":true}]}}