{"id":2932,"date":"2019-11-20T09:54:56","date_gmt":"2019-11-20T08:54:56","guid":{"rendered":"https:\/\/protectoravilagarcia.org\/peludo\/dompin\/"},"modified":"2021-07-07T17:54:09","modified_gmt":"2021-07-07T15:54:09","slug":"dompin","status":"publish","type":"product","link":"https:\/\/protectoravilagarcia.org\/es\/peludo\/dompin\/","title":{"rendered":"Dompin"},"content":{"rendered":"<p>Hola!! Soy DomPin, un guapo gatito que est\u00e1 buscando un hogar para siempre. Soy muy sociable y cari\u00f1oso, un amor de gatito. Si est\u00e1s interesado\/a en adoptarme llama al 986160110, manda un mail (info@protectoravilagarcia.org) o contacta por facebook (https:\/\/www. facebook. com\/protectoravilagarcia)<\/p>\n","protected":false},"excerpt":{"rendered":"<p>Hola!! Soy DomPin, un guapo gatito que est\u00e1 buscando un hogar para siempre. Soy muy sociable y cari\u00f1oso, un amor de gatito. Si est\u00e1s interesado\/a en adoptarme llama al 986160110, manda un mail (info@protectoravilagarcia.org) o contacta por facebook (https:\/\/www. facebook. com\/protectoravilagarcia)<\/p>\n","protected":false},"featured_media":3352,"template":"","meta":[],"product_brand":[],"product_cat":[46],"product_tag":[],"class_list":{"0":"post-2932","1":"product","2":"type-product","3":"status-publish","4":"has-post-thumbnail","6":"product_cat-adoptados","7":"pa_especie-gato","8":"pa_raza-europeo-comun","9":"pa_sexo-macho","11":"first","12":"instock","13":"shipping-taxable","14":"product-type-simple"},"_links":{"self":[{"href":"https:\/\/protectoravilagarcia.org\/es\/wp-json\/wp\/v2\/product\/2932","targetHints":{"allow":["GET"]}}],"collection":[{"href":"https:\/\/protectoravilagarcia.org\/es\/wp-json\/wp\/v2\/product"}],"about":[{"href":"https:\/\/protectoravilagarcia.org\/es\/wp-json\/wp\/v2\/types\/product"}],"wp:featuredmedia":[{"embeddable":true,"href":"https:\/\/protectoravilagarcia.org\/es\/wp-json\/wp\/v2\/media\/3352"}],"wp:attachment":[{"href":"https:\/\/protectoravilagarcia.org\/es\/wp-json\/wp\/v2\/media?parent=2932"}],"wp:term":[{"taxonomy":"product_brand","embeddable":true,"href":"https:\/\/protectoravilagarcia.org\/es\/wp-json\/wp\/v2\/product_brand?post=2932"},{"taxonomy":"product_cat","embeddable":true,"href":"https:\/\/protectoravilagarcia.org\/es\/wp-json\/wp\/v2\/product_cat?post=2932"},{"taxonomy":"product_tag","embeddable":true,"href":"https:\/\/protectoravilagarcia.org\/es\/wp-json\/wp\/v2\/product_tag?post=2932"}],"curies":[{"name":"wp","href":"https:\/\/api.w.org\/{rel}","templated":true}]}}