{"id":2931,"date":"2019-11-20T09:54:56","date_gmt":"2019-11-20T08:54:56","guid":{"rendered":"https:\/\/protectoravilagarcia.org\/peludo\/motora\/"},"modified":"2021-07-07T17:55:05","modified_gmt":"2021-07-07T15:55:05","slug":"motora","status":"publish","type":"product","link":"https:\/\/protectoravilagarcia.org\/es\/peludo\/motora\/","title":{"rendered":"Motora"},"content":{"rendered":"<p>Hola!! Soy Motora, una guapa gatita que est\u00e1 buscando un hogar para siempre. Soy un poquito t\u00edmida as\u00ed que necesitar\u00e9 una familia que me de mucho cari\u00f1o y tenga paciencia. Si puede ser el tuyo llama al 986160110, manda un mail (info@protectoravilagarcia.org) o contacta por facebook (https:\/\/www. facebook. com\/protectoravilagarcia)<\/p>\n","protected":false},"excerpt":{"rendered":"<p>Hola!! Soy Motora, una guapa gatita que est\u00e1 buscando un hogar para siempre. Soy un poquito t\u00edmida as\u00ed que necesitar\u00e9 una familia que me de mucho cari\u00f1o y tenga paciencia. Si puede ser el tuyo llama al 986160110, manda un mail (info@protectoravilagarcia.org) o contacta por facebook (https:\/\/www. facebook. com\/protectoravilagarcia)<\/p>\n","protected":false},"featured_media":3351,"template":"","meta":[],"product_brand":[],"product_cat":[46],"product_tag":[],"class_list":{"0":"post-2931","1":"product","2":"type-product","3":"status-publish","4":"has-post-thumbnail","6":"product_cat-adoptados","7":"pa_especie-gato","8":"pa_raza-europeo-comun","9":"pa_sexo-hembra","11":"first","12":"instock","13":"shipping-taxable","14":"product-type-simple"},"_links":{"self":[{"href":"https:\/\/protectoravilagarcia.org\/es\/wp-json\/wp\/v2\/product\/2931","targetHints":{"allow":["GET"]}}],"collection":[{"href":"https:\/\/protectoravilagarcia.org\/es\/wp-json\/wp\/v2\/product"}],"about":[{"href":"https:\/\/protectoravilagarcia.org\/es\/wp-json\/wp\/v2\/types\/product"}],"wp:featuredmedia":[{"embeddable":true,"href":"https:\/\/protectoravilagarcia.org\/es\/wp-json\/wp\/v2\/media\/3351"}],"wp:attachment":[{"href":"https:\/\/protectoravilagarcia.org\/es\/wp-json\/wp\/v2\/media?parent=2931"}],"wp:term":[{"taxonomy":"product_brand","embeddable":true,"href":"https:\/\/protectoravilagarcia.org\/es\/wp-json\/wp\/v2\/product_brand?post=2931"},{"taxonomy":"product_cat","embeddable":true,"href":"https:\/\/protectoravilagarcia.org\/es\/wp-json\/wp\/v2\/product_cat?post=2931"},{"taxonomy":"product_tag","embeddable":true,"href":"https:\/\/protectoravilagarcia.org\/es\/wp-json\/wp\/v2\/product_tag?post=2931"}],"curies":[{"name":"wp","href":"https:\/\/api.w.org\/{rel}","templated":true}]}}