{"id":2908,"date":"2019-11-20T09:54:51","date_gmt":"2019-11-20T08:54:51","guid":{"rendered":"https:\/\/protectoravilagarcia.org\/peludo\/jefe\/"},"modified":"2020-08-12T21:33:04","modified_gmt":"2020-08-12T20:33:04","slug":"jefe","status":"publish","type":"product","link":"https:\/\/protectoravilagarcia.org\/es\/peludo\/jefe\/","title":{"rendered":"Jefe"},"content":{"rendered":"<p>Hola! soy Jefe, y como pod\u00e9is ver soy toda una guaperas. Al principio llegu\u00e9 muy asustado a la prote y me cost\u00f3 mucho acostumbrarme, pero ahora que veo que me cuidan y me quieren mucho estoy mucho mejos. Soy muy bueno y alegre, Si est\u00e1s interesado\/a en adoptarme llama al 986160110, manda un mail (info@protectoravilagarcia.org) o contacta por facebook (https:\/\/www. facebook. com\/protectoravilagarcia)<\/p>\n","protected":false},"excerpt":{"rendered":"<p>Hola! soy Jefe, y como pod\u00e9is ver soy toda una guaperas. Al principio llegu\u00e9 muy asustado a la prote y me cost\u00f3 mucho acostumbrarme, pero ahora que veo que me cuidan y me quieren mucho estoy mucho mejos. Soy muy bueno y alegre, Si est\u00e1s interesado\/a en adoptarme llama al 986160110, manda un mail (info@protectoravilagarcia.org) [&hellip;]<\/p>\n","protected":false},"featured_media":3329,"template":"","meta":[],"product_brand":[],"product_cat":[9],"product_tag":[],"class_list":{"0":"post-2908","1":"product","2":"type-product","3":"status-publish","4":"has-post-thumbnail","6":"product_cat-en-adopcion","7":"pa_especie-perro","8":"pa_raza-mestizo","9":"pa_sexo-macho","10":"pa_tamano-grande","12":"first","13":"instock","14":"shipping-taxable","15":"product-type-simple"},"_links":{"self":[{"href":"https:\/\/protectoravilagarcia.org\/es\/wp-json\/wp\/v2\/product\/2908","targetHints":{"allow":["GET"]}}],"collection":[{"href":"https:\/\/protectoravilagarcia.org\/es\/wp-json\/wp\/v2\/product"}],"about":[{"href":"https:\/\/protectoravilagarcia.org\/es\/wp-json\/wp\/v2\/types\/product"}],"wp:featuredmedia":[{"embeddable":true,"href":"https:\/\/protectoravilagarcia.org\/es\/wp-json\/wp\/v2\/media\/3329"}],"wp:attachment":[{"href":"https:\/\/protectoravilagarcia.org\/es\/wp-json\/wp\/v2\/media?parent=2908"}],"wp:term":[{"taxonomy":"product_brand","embeddable":true,"href":"https:\/\/protectoravilagarcia.org\/es\/wp-json\/wp\/v2\/product_brand?post=2908"},{"taxonomy":"product_cat","embeddable":true,"href":"https:\/\/protectoravilagarcia.org\/es\/wp-json\/wp\/v2\/product_cat?post=2908"},{"taxonomy":"product_tag","embeddable":true,"href":"https:\/\/protectoravilagarcia.org\/es\/wp-json\/wp\/v2\/product_tag?post=2908"}],"curies":[{"name":"wp","href":"https:\/\/api.w.org\/{rel}","templated":true}]}}