{"id":2898,"date":"2019-11-20T09:54:47","date_gmt":"2019-11-20T08:54:47","guid":{"rendered":"https:\/\/protectoravilagarcia.org\/peludo\/vampi\/"},"modified":"2020-07-02T13:02:38","modified_gmt":"2020-07-02T12:02:38","slug":"vampi","status":"publish","type":"product","link":"https:\/\/protectoravilagarcia.org\/es\/peludo\/vampi\/","title":{"rendered":"Vampi"},"content":{"rendered":"<p>Hola!! Soy Vampi, un perr\u00edn muy simp\u00e1tico y alegre. Soy adorable y un amorcito. Si est\u00e1s interesado\/a en adoptarme llama al 986160110, manda un mail (info@protectoravilagarcia.org) o contacta por facebook (https:\/\/www. facebook. com\/protectoravilagarcia) o instagram.<\/p>\n","protected":false},"excerpt":{"rendered":"<p>Hola!! Soy Vampi, un perr\u00edn muy simp\u00e1tico y alegre. Soy adorable y un amorcito. Si est\u00e1s interesado\/a en adoptarme llama al 986160110, manda un mail (info@protectoravilagarcia.org) o contacta por facebook (https:\/\/www. facebook. com\/protectoravilagarcia) o instagram.<\/p>\n","protected":false},"featured_media":3521,"template":"","meta":[],"product_brand":[],"product_cat":[9],"product_tag":[],"class_list":{"0":"post-2898","1":"product","2":"type-product","3":"status-publish","4":"has-post-thumbnail","6":"product_cat-en-adopcion","7":"pa_especie-perro","8":"pa_raza-mestizo","9":"pa_sexo-macho","10":"pa_tamano-mediano","11":"pa_tamano-pequeno","13":"first","14":"instock","15":"shipping-taxable","16":"product-type-simple"},"_links":{"self":[{"href":"https:\/\/protectoravilagarcia.org\/es\/wp-json\/wp\/v2\/product\/2898","targetHints":{"allow":["GET"]}}],"collection":[{"href":"https:\/\/protectoravilagarcia.org\/es\/wp-json\/wp\/v2\/product"}],"about":[{"href":"https:\/\/protectoravilagarcia.org\/es\/wp-json\/wp\/v2\/types\/product"}],"wp:featuredmedia":[{"embeddable":true,"href":"https:\/\/protectoravilagarcia.org\/es\/wp-json\/wp\/v2\/media\/3521"}],"wp:attachment":[{"href":"https:\/\/protectoravilagarcia.org\/es\/wp-json\/wp\/v2\/media?parent=2898"}],"wp:term":[{"taxonomy":"product_brand","embeddable":true,"href":"https:\/\/protectoravilagarcia.org\/es\/wp-json\/wp\/v2\/product_brand?post=2898"},{"taxonomy":"product_cat","embeddable":true,"href":"https:\/\/protectoravilagarcia.org\/es\/wp-json\/wp\/v2\/product_cat?post=2898"},{"taxonomy":"product_tag","embeddable":true,"href":"https:\/\/protectoravilagarcia.org\/es\/wp-json\/wp\/v2\/product_tag?post=2898"}],"curies":[{"name":"wp","href":"https:\/\/api.w.org\/{rel}","templated":true}]}}