{"id":2877,"date":"2019-11-20T09:54:44","date_gmt":"2019-11-20T08:54:44","guid":{"rendered":"https:\/\/protectoravilagarcia.org\/peludo\/donte\/"},"modified":"2020-07-02T11:25:08","modified_gmt":"2020-07-02T10:25:08","slug":"donte","status":"publish","type":"product","link":"https:\/\/protectoravilagarcia.org\/es\/peludo\/donte\/","title":{"rendered":"Donte"},"content":{"rendered":"<p>Hola soy Donte, llegu\u00e9 a la prote con tres colegas m\u00e1s, tres chicas de las que dos ya fueron adoptadas. Quedamos en la prote Maya y yo. Como pod\u00e9is ver soy todo un perrazo y un guaperas. Soy bueno, cari\u00f1oso y sociable. Tambi\u00e9n me llevo muy bien con mis colegas peludos.\u00a0 Si est\u00e1s interesado\/a en adoptarme llama al 986160110, manda un mail (info@protectoravilagarcia.org) o contacta por facebook (https:\/\/www. facebook. com\/protectoravilagarcia)<\/p>\n","protected":false},"excerpt":{"rendered":"<p>Hola soy Donte, llegu\u00e9 a la prote con tres colegas m\u00e1s, tres chicas de las que dos ya fueron adoptadas. Quedamos en la prote Maya y yo. Como pod\u00e9is ver soy todo un perrazo y un guaperas. Soy bueno, cari\u00f1oso y sociable. Tambi\u00e9n me llevo muy bien con mis colegas peludos.\u00a0 Si est\u00e1s interesado\/a en adoptarme llama al 986160110, manda un mail (info@protectoravilagarcia.org) o contacta por facebook (https:\/\/www. facebook. com\/protectoravilagarcia)<\/p>\n","protected":false},"featured_media":3501,"template":"","meta":[],"product_brand":[],"product_cat":[9],"product_tag":[],"class_list":{"0":"post-2877","1":"product","2":"type-product","3":"status-publish","4":"has-post-thumbnail","6":"product_cat-en-adopcion","7":"pa_especie-perro","8":"pa_raza-mestizo","9":"pa_sexo-macho","11":"first","12":"instock","13":"shipping-taxable","14":"product-type-simple"},"_links":{"self":[{"href":"https:\/\/protectoravilagarcia.org\/es\/wp-json\/wp\/v2\/product\/2877","targetHints":{"allow":["GET"]}}],"collection":[{"href":"https:\/\/protectoravilagarcia.org\/es\/wp-json\/wp\/v2\/product"}],"about":[{"href":"https:\/\/protectoravilagarcia.org\/es\/wp-json\/wp\/v2\/types\/product"}],"wp:featuredmedia":[{"embeddable":true,"href":"https:\/\/protectoravilagarcia.org\/es\/wp-json\/wp\/v2\/media\/3501"}],"wp:attachment":[{"href":"https:\/\/protectoravilagarcia.org\/es\/wp-json\/wp\/v2\/media?parent=2877"}],"wp:term":[{"taxonomy":"product_brand","embeddable":true,"href":"https:\/\/protectoravilagarcia.org\/es\/wp-json\/wp\/v2\/product_brand?post=2877"},{"taxonomy":"product_cat","embeddable":true,"href":"https:\/\/protectoravilagarcia.org\/es\/wp-json\/wp\/v2\/product_cat?post=2877"},{"taxonomy":"product_tag","embeddable":true,"href":"https:\/\/protectoravilagarcia.org\/es\/wp-json\/wp\/v2\/product_tag?post=2877"}],"curies":[{"name":"wp","href":"https:\/\/api.w.org\/{rel}","templated":true}]}}