{"id":2873,"date":"2019-11-20T09:54:43","date_gmt":"2019-11-20T08:54:43","guid":{"rendered":"https:\/\/protectoravilagarcia.org\/peludo\/kinder\/"},"modified":"2021-04-10T13:40:20","modified_gmt":"2021-04-10T11:40:20","slug":"kinder","status":"publish","type":"product","link":"https:\/\/protectoravilagarcia.org\/es\/peludo\/kinder\/","title":{"rendered":"Kinder"},"content":{"rendered":"<p>Hola soy Kinder!! Un adorable perrete. Soy alegre y cari\u00f1oso, un poquito brutote pero muy bueno y simp\u00e1tico. Si est\u00e1s interesado en adoptarme llama al 986160110, manda un mail (info@protectoravilagarcia.org) o contacta por facebook (https:\/\/www. facebook. com\/protectora vilagarcia<\/p>\n","protected":false},"excerpt":{"rendered":"<p>Hola soy Kinder!! Un adorable perrete. Soy alegre y cari\u00f1oso, un poquito brutote pero muy bueno y simp\u00e1tico. Si est\u00e1s interesado en adoptarme llama al 986160110, manda un mail (info@protectoravilagarcia.org) o contacta por facebook (https:\/\/www. facebook. com\/protectora vilagarcia<\/p>\n","protected":false},"featured_media":3299,"template":"","meta":[],"product_brand":[],"product_cat":[44],"product_tag":[],"class_list":{"0":"post-2873","1":"product","2":"type-product","3":"status-publish","4":"has-post-thumbnail","6":"product_cat-cielo-prote","7":"pa_especie-perro","8":"pa_raza-mestizo","9":"pa_sexo-macho","10":"pa_tamano-grande","12":"first","13":"instock","14":"shipping-taxable","15":"product-type-simple"},"_links":{"self":[{"href":"https:\/\/protectoravilagarcia.org\/es\/wp-json\/wp\/v2\/product\/2873","targetHints":{"allow":["GET"]}}],"collection":[{"href":"https:\/\/protectoravilagarcia.org\/es\/wp-json\/wp\/v2\/product"}],"about":[{"href":"https:\/\/protectoravilagarcia.org\/es\/wp-json\/wp\/v2\/types\/product"}],"wp:featuredmedia":[{"embeddable":true,"href":"https:\/\/protectoravilagarcia.org\/es\/wp-json\/wp\/v2\/media\/3299"}],"wp:attachment":[{"href":"https:\/\/protectoravilagarcia.org\/es\/wp-json\/wp\/v2\/media?parent=2873"}],"wp:term":[{"taxonomy":"product_brand","embeddable":true,"href":"https:\/\/protectoravilagarcia.org\/es\/wp-json\/wp\/v2\/product_brand?post=2873"},{"taxonomy":"product_cat","embeddable":true,"href":"https:\/\/protectoravilagarcia.org\/es\/wp-json\/wp\/v2\/product_cat?post=2873"},{"taxonomy":"product_tag","embeddable":true,"href":"https:\/\/protectoravilagarcia.org\/es\/wp-json\/wp\/v2\/product_tag?post=2873"}],"curies":[{"name":"wp","href":"https:\/\/api.w.org\/{rel}","templated":true}]}}