{"id":2863,"date":"2019-11-20T09:54:40","date_gmt":"2019-11-20T08:54:40","guid":{"rendered":"https:\/\/protectoravilagarcia.org\/peludo\/drogo\/"},"modified":"2020-11-26T16:31:51","modified_gmt":"2020-11-26T15:31:51","slug":"drogo","status":"publish","type":"product","link":"https:\/\/protectoravilagarcia.org\/es\/peludo\/drogo\/","title":{"rendered":"Drogo"},"content":{"rendered":"<p>Hola! Soy Drogo, un cachorrete mon\u00edsimo. Soy muy bueno, cari\u00f1oso, juguet\u00f3n, simp\u00e1tico, y como pod\u00e9is ver todo un guaperas. Tengo que reconocer que soy un poco brutote, a veces no controlo mi cuerpo y mi fuerza y hago un poco de da\u00f1o a los voluntarios. Me gustar\u00eda encontrar una casita en la que me quieran mucho mucho. Si puede ser la tuya llama al 986160110, manda un mail (info@protectoravilagarcia.org) o contacta por Facebook (https:\/\/www. facebook. com\/protectoravilagarcia)<\/p>\n","protected":false},"excerpt":{"rendered":"<p>Hola! Soy Drogo, un cachorrete mon\u00edsimo. Soy muy bueno, cari\u00f1oso, juguet\u00f3n, simp\u00e1tico, y como pod\u00e9is ver todo un guaperas. Tengo que reconocer que soy un poco brutote, a veces no controlo mi cuerpo y mi fuerza y hago un poco de da\u00f1o a los voluntarios. Me gustar\u00eda encontrar una casita en la que me quieran [&hellip;]<\/p>\n","protected":false},"featured_media":3779,"template":"","meta":[],"product_brand":[],"product_cat":[46],"product_tag":[],"class_list":{"0":"post-2863","1":"product","2":"type-product","3":"status-publish","4":"has-post-thumbnail","6":"product_cat-adoptados","7":"pa_especie-perro","8":"pa_raza-rotwailer","9":"pa_sexo-macho","10":"pa_tamano-grande","12":"first","13":"instock","14":"shipping-taxable","15":"product-type-simple"},"_links":{"self":[{"href":"https:\/\/protectoravilagarcia.org\/es\/wp-json\/wp\/v2\/product\/2863","targetHints":{"allow":["GET"]}}],"collection":[{"href":"https:\/\/protectoravilagarcia.org\/es\/wp-json\/wp\/v2\/product"}],"about":[{"href":"https:\/\/protectoravilagarcia.org\/es\/wp-json\/wp\/v2\/types\/product"}],"wp:featuredmedia":[{"embeddable":true,"href":"https:\/\/protectoravilagarcia.org\/es\/wp-json\/wp\/v2\/media\/3779"}],"wp:attachment":[{"href":"https:\/\/protectoravilagarcia.org\/es\/wp-json\/wp\/v2\/media?parent=2863"}],"wp:term":[{"taxonomy":"product_brand","embeddable":true,"href":"https:\/\/protectoravilagarcia.org\/es\/wp-json\/wp\/v2\/product_brand?post=2863"},{"taxonomy":"product_cat","embeddable":true,"href":"https:\/\/protectoravilagarcia.org\/es\/wp-json\/wp\/v2\/product_cat?post=2863"},{"taxonomy":"product_tag","embeddable":true,"href":"https:\/\/protectoravilagarcia.org\/es\/wp-json\/wp\/v2\/product_tag?post=2863"}],"curies":[{"name":"wp","href":"https:\/\/api.w.org\/{rel}","templated":true}]}}