{"id":2844,"date":"2019-11-20T09:54:37","date_gmt":"2019-11-20T08:54:37","guid":{"rendered":"https:\/\/protectoravilagarcia.org\/peludo\/bull\/"},"modified":"2021-04-10T13:41:23","modified_gmt":"2021-04-10T11:41:23","slug":"bull","status":"publish","type":"product","link":"https:\/\/protectoravilagarcia.org\/es\/peludo\/bull\/","title":{"rendered":"Bull"},"content":{"rendered":"<p>Hola!! Soy BULL. Soy un perro muy bueno y cari\u00f1oso. Soy simp\u00e1tico y ta,bi\u00e9n muy tranquilo, paseo muy bien y me gustan mucho los mimitos.\u00a0 Si est\u00e1s interesado\/a en adoptarme llama al 986160110, manda un mail (info@protectoravilagarcia.org) o contacta por Facebook (https:\/\/www. facebook. com\/protectoravilagarcia)<\/p>\n","protected":false},"excerpt":{"rendered":"<p>Hola!! Soy BULL. Soy un perro muy bueno y cari\u00f1oso. Soy simp\u00e1tico y ta,bi\u00e9n muy tranquilo, paseo muy bien y me gustan mucho los mimitos.\u00a0 Si est\u00e1s interesado\/a en adoptarme llama al 986160110, manda un mail (info@protectoravilagarcia.org) o contacta por Facebook (https:\/\/www. facebook. com\/protectoravilagarcia)<\/p>\n","protected":false},"featured_media":3270,"template":"","meta":[],"product_brand":[],"product_cat":[46],"product_tag":[],"class_list":{"0":"post-2844","1":"product","2":"type-product","3":"status-publish","4":"has-post-thumbnail","6":"product_cat-adoptados","7":"pa_especie-perro","8":"pa_raza-american-stanford","9":"pa_sexo-macho","10":"pa_tamano-mediano","12":"first","13":"instock","14":"shipping-taxable","15":"product-type-simple"},"_links":{"self":[{"href":"https:\/\/protectoravilagarcia.org\/es\/wp-json\/wp\/v2\/product\/2844","targetHints":{"allow":["GET"]}}],"collection":[{"href":"https:\/\/protectoravilagarcia.org\/es\/wp-json\/wp\/v2\/product"}],"about":[{"href":"https:\/\/protectoravilagarcia.org\/es\/wp-json\/wp\/v2\/types\/product"}],"wp:featuredmedia":[{"embeddable":true,"href":"https:\/\/protectoravilagarcia.org\/es\/wp-json\/wp\/v2\/media\/3270"}],"wp:attachment":[{"href":"https:\/\/protectoravilagarcia.org\/es\/wp-json\/wp\/v2\/media?parent=2844"}],"wp:term":[{"taxonomy":"product_brand","embeddable":true,"href":"https:\/\/protectoravilagarcia.org\/es\/wp-json\/wp\/v2\/product_brand?post=2844"},{"taxonomy":"product_cat","embeddable":true,"href":"https:\/\/protectoravilagarcia.org\/es\/wp-json\/wp\/v2\/product_cat?post=2844"},{"taxonomy":"product_tag","embeddable":true,"href":"https:\/\/protectoravilagarcia.org\/es\/wp-json\/wp\/v2\/product_tag?post=2844"}],"curies":[{"name":"wp","href":"https:\/\/api.w.org\/{rel}","templated":true}]}}