{"id":2829,"date":"2019-11-20T09:54:33","date_gmt":"2019-11-20T08:54:33","guid":{"rendered":"https:\/\/protectoravilagarcia.org\/peludo\/chema\/"},"modified":"2022-04-07T22:57:33","modified_gmt":"2022-04-07T20:57:33","slug":"chema","status":"publish","type":"product","link":"https:\/\/protectoravilagarcia.org\/es\/peludo\/chema\/","title":{"rendered":"Chema"},"content":{"rendered":"<p>Hola!! Soy Chema, y soy un amor. Me gustar\u00eda encontrar una casita en la que poder estar tranquilo y en la que me quieran mucho en estos a\u00f1os en que m\u00e1s lo necesito. Soy muy bueno y cari\u00f1oso, me llevo bien con mis colegas peludos.\u00a0 Si est\u00e1s interesado en darme una oportunidad llama al 986160110, manda un mail (info@protectoravilagarcia.org) o contacta por Facebook (https:\/\/www. facebook. com\/protectoravilagarcia)<\/p>\n","protected":false},"excerpt":{"rendered":"<p>Hola!! Soy Chema, y soy un amor. Me gustar\u00eda encontrar una casita en la que poder estar tranquilo y en la que me quieran mucho en estos a\u00f1os en que m\u00e1s lo necesito. Soy muy bueno y cari\u00f1oso, me llevo bien con mis colegas peludos.\u00a0 Si est\u00e1s interesado en darme una oportunidad llama al 986160110, [&hellip;]<\/p>\n","protected":false},"featured_media":3687,"template":"","meta":[],"product_brand":[],"product_cat":[46],"product_tag":[],"class_list":{"0":"post-2829","1":"product","2":"type-product","3":"status-publish","4":"has-post-thumbnail","6":"product_cat-adoptados","7":"pa_especie-perro","8":"pa_raza-mestizo","9":"pa_sexo-macho","10":"pa_tamano-mediano","12":"first","13":"instock","14":"shipping-taxable","15":"product-type-simple"},"_links":{"self":[{"href":"https:\/\/protectoravilagarcia.org\/es\/wp-json\/wp\/v2\/product\/2829","targetHints":{"allow":["GET"]}}],"collection":[{"href":"https:\/\/protectoravilagarcia.org\/es\/wp-json\/wp\/v2\/product"}],"about":[{"href":"https:\/\/protectoravilagarcia.org\/es\/wp-json\/wp\/v2\/types\/product"}],"wp:featuredmedia":[{"embeddable":true,"href":"https:\/\/protectoravilagarcia.org\/es\/wp-json\/wp\/v2\/media\/3687"}],"wp:attachment":[{"href":"https:\/\/protectoravilagarcia.org\/es\/wp-json\/wp\/v2\/media?parent=2829"}],"wp:term":[{"taxonomy":"product_brand","embeddable":true,"href":"https:\/\/protectoravilagarcia.org\/es\/wp-json\/wp\/v2\/product_brand?post=2829"},{"taxonomy":"product_cat","embeddable":true,"href":"https:\/\/protectoravilagarcia.org\/es\/wp-json\/wp\/v2\/product_cat?post=2829"},{"taxonomy":"product_tag","embeddable":true,"href":"https:\/\/protectoravilagarcia.org\/es\/wp-json\/wp\/v2\/product_tag?post=2829"}],"curies":[{"name":"wp","href":"https:\/\/api.w.org\/{rel}","templated":true}]}}