{"id":2799,"date":"2019-11-20T09:54:25","date_gmt":"2019-11-20T08:54:25","guid":{"rendered":"https:\/\/protectoravilagarcia.org\/peludo\/sputnik\/"},"modified":"2021-04-10T13:42:32","modified_gmt":"2021-04-10T11:42:32","slug":"sputnik","status":"publish","type":"product","link":"https:\/\/protectoravilagarcia.org\/es\/peludo\/sputnik\/","title":{"rendered":"Sputnik"},"content":{"rendered":"<p>Hola!! Soy Sputnik. Soy un perrito s\u00faper curioso, con una orejitas voladoras muy simp\u00e1ticas. Entr\u00e9 en la prote con una patita rota de la cual a\u00fan ya estoy recuperado pero soy muy alegre y simp\u00e1tico. Si est\u00e1s interesado en darme una oportunidad llama al 986160110, manda un mail (info@protectoravilagarcia.org) o contacta por Facebook (https:\/\/www. facebook. com\/protectoravilagarcia)<\/p>\n","protected":false},"excerpt":{"rendered":"<p>Hola!! Soy Sputnik. Soy un perrito s\u00faper curioso, con una orejitas voladoras muy simp\u00e1ticas. Entr\u00e9 en la prote con una patita rota de la cual a\u00fan ya estoy recuperado pero soy muy alegre y simp\u00e1tico. Si est\u00e1s interesado en darme una oportunidad llama al 986160110, manda un mail (info@protectoravilagarcia.org) o contacta por Facebook (https:\/\/www. facebook. [&hellip;]<\/p>\n","protected":false},"featured_media":3889,"template":"","meta":[],"product_brand":[],"product_cat":[46],"product_tag":[],"class_list":{"0":"post-2799","1":"product","2":"type-product","3":"status-publish","4":"has-post-thumbnail","6":"product_cat-adoptados","7":"pa_especie-perro","8":"pa_raza-mestizo","9":"pa_sexo-macho","10":"pa_tamano-pequeno","12":"first","13":"instock","14":"shipping-taxable","15":"product-type-simple"},"_links":{"self":[{"href":"https:\/\/protectoravilagarcia.org\/es\/wp-json\/wp\/v2\/product\/2799","targetHints":{"allow":["GET"]}}],"collection":[{"href":"https:\/\/protectoravilagarcia.org\/es\/wp-json\/wp\/v2\/product"}],"about":[{"href":"https:\/\/protectoravilagarcia.org\/es\/wp-json\/wp\/v2\/types\/product"}],"wp:featuredmedia":[{"embeddable":true,"href":"https:\/\/protectoravilagarcia.org\/es\/wp-json\/wp\/v2\/media\/3889"}],"wp:attachment":[{"href":"https:\/\/protectoravilagarcia.org\/es\/wp-json\/wp\/v2\/media?parent=2799"}],"wp:term":[{"taxonomy":"product_brand","embeddable":true,"href":"https:\/\/protectoravilagarcia.org\/es\/wp-json\/wp\/v2\/product_brand?post=2799"},{"taxonomy":"product_cat","embeddable":true,"href":"https:\/\/protectoravilagarcia.org\/es\/wp-json\/wp\/v2\/product_cat?post=2799"},{"taxonomy":"product_tag","embeddable":true,"href":"https:\/\/protectoravilagarcia.org\/es\/wp-json\/wp\/v2\/product_tag?post=2799"}],"curies":[{"name":"wp","href":"https:\/\/api.w.org\/{rel}","templated":true}]}}