{"id":2798,"date":"2019-11-20T09:54:25","date_gmt":"2019-11-20T08:54:25","guid":{"rendered":"https:\/\/protectoravilagarcia.org\/peludo\/pampa\/"},"modified":"2021-07-07T18:22:45","modified_gmt":"2021-07-07T16:22:45","slug":"pampa","status":"publish","type":"product","link":"https:\/\/protectoravilagarcia.org\/es\/peludo\/pampa\/","title":{"rendered":"Pampa"},"content":{"rendered":"<p>Hola!! Soy Pampa y soy un aut\u00e9ntico amor de perrita. Soy una jovenzuela adorable, muy juguetona y simp\u00e1tica. Me gustan mucho los mimitos de los voluntarios y aunque con mis compa\u00f1eros peludos me llevo bien, no me gusta demasiado estar en la prote, prefiero tener una familia para mi solita. \u00bfQuieres ser tu? Llama al 627 644 810, manda un mensaje privado al facebook o un mail a info@protectoravilagarcia.org<\/p>\n","protected":false},"excerpt":{"rendered":"<p>Hola!! Soy Pampa y soy un aut\u00e9ntico amor de perrita. Soy una jovenzuela adorable, muy juguetona y simp\u00e1tica. Me gustan mucho los mimitos de los voluntarios y aunque con mis compa\u00f1eros peludos me llevo bien, no me gusta demasiado estar en la prote, prefiero tener una familia para mi solita. \u00bfQuieres ser tu? Llama al [&hellip;]<\/p>\n","protected":false},"featured_media":3712,"template":"","meta":[],"product_brand":[],"product_cat":[46],"product_tag":[],"class_list":{"0":"post-2798","1":"product","2":"type-product","3":"status-publish","4":"has-post-thumbnail","6":"product_cat-adoptados","7":"pa_especie-perro","8":"pa_raza-mestiza","9":"pa_sexo-hembra","10":"pa_tamano-mediano","12":"first","13":"instock","14":"shipping-taxable","15":"product-type-simple"},"_links":{"self":[{"href":"https:\/\/protectoravilagarcia.org\/es\/wp-json\/wp\/v2\/product\/2798","targetHints":{"allow":["GET"]}}],"collection":[{"href":"https:\/\/protectoravilagarcia.org\/es\/wp-json\/wp\/v2\/product"}],"about":[{"href":"https:\/\/protectoravilagarcia.org\/es\/wp-json\/wp\/v2\/types\/product"}],"wp:featuredmedia":[{"embeddable":true,"href":"https:\/\/protectoravilagarcia.org\/es\/wp-json\/wp\/v2\/media\/3712"}],"wp:attachment":[{"href":"https:\/\/protectoravilagarcia.org\/es\/wp-json\/wp\/v2\/media?parent=2798"}],"wp:term":[{"taxonomy":"product_brand","embeddable":true,"href":"https:\/\/protectoravilagarcia.org\/es\/wp-json\/wp\/v2\/product_brand?post=2798"},{"taxonomy":"product_cat","embeddable":true,"href":"https:\/\/protectoravilagarcia.org\/es\/wp-json\/wp\/v2\/product_cat?post=2798"},{"taxonomy":"product_tag","embeddable":true,"href":"https:\/\/protectoravilagarcia.org\/es\/wp-json\/wp\/v2\/product_tag?post=2798"}],"curies":[{"name":"wp","href":"https:\/\/api.w.org\/{rel}","templated":true}]}}