{"id":2781,"date":"2019-11-20T09:54:21","date_gmt":"2019-11-20T08:54:21","guid":{"rendered":"https:\/\/protectoravilagarcia.org\/peludo\/brava\/"},"modified":"2020-08-10T15:25:44","modified_gmt":"2020-08-10T14:25:44","slug":"brava","status":"publish","type":"product","link":"https:\/\/protectoravilagarcia.org\/es\/peludo\/brava\/","title":{"rendered":"Brava"},"content":{"rendered":"<p>Hola!! Me llamo Brava. Llegu\u00e9 a la protectora con mi compa\u00f1ero Bravo, los dos hemos vivido siempre juntos. Al principio ten\u00edamos much\u00edsimo miedo, tanto que no sal\u00edamos de la caseta y los voluntarios no sab\u00edan ni el aspecto que ten\u00edamos. Poco a poco, con mucha paciencia y muchas muchas chuches fuimos cogiendo confianza con los cuidadores. Ahora nos gusta mucho que nos den caricias y nos encanta salir a pasear. Seguro que con un poco de paciencia, chuches y mimos somos los mejores compa\u00f1eros que se podr\u00edan desear.<br \/>\nSi est\u00e1s interesado en darme una oportunidad llama al 986160110, manda un mail (info@protectoravilagarcia.org) o contacta por Facebook (https:\/\/www. facebook. com\/protectoravilagarcia)<\/p>\n","protected":false},"excerpt":{"rendered":"<p>Hola!! Me llamo Brava. Llegu\u00e9 a la protectora con mi compa\u00f1ero Bravo, los dos hemos vivido siempre juntos. Al principio ten\u00edamos much\u00edsimo miedo, tanto que no sal\u00edamos de la caseta y los voluntarios no sab\u00edan ni el aspecto que ten\u00edamos. Poco a poco, con mucha paciencia y muchas muchas chuches fuimos cogiendo confianza con los [&hellip;]<\/p>\n","protected":false},"featured_media":3209,"template":"","meta":[],"product_brand":[],"product_cat":[9],"product_tag":[],"class_list":{"0":"post-2781","1":"product","2":"type-product","3":"status-publish","4":"has-post-thumbnail","6":"product_cat-en-adopcion","7":"pa_especie-perro","8":"pa_raza-mestiza","9":"pa_sexo-hembra","11":"first","12":"instock","13":"shipping-taxable","14":"product-type-simple"},"_links":{"self":[{"href":"https:\/\/protectoravilagarcia.org\/es\/wp-json\/wp\/v2\/product\/2781","targetHints":{"allow":["GET"]}}],"collection":[{"href":"https:\/\/protectoravilagarcia.org\/es\/wp-json\/wp\/v2\/product"}],"about":[{"href":"https:\/\/protectoravilagarcia.org\/es\/wp-json\/wp\/v2\/types\/product"}],"wp:featuredmedia":[{"embeddable":true,"href":"https:\/\/protectoravilagarcia.org\/es\/wp-json\/wp\/v2\/media\/3209"}],"wp:attachment":[{"href":"https:\/\/protectoravilagarcia.org\/es\/wp-json\/wp\/v2\/media?parent=2781"}],"wp:term":[{"taxonomy":"product_brand","embeddable":true,"href":"https:\/\/protectoravilagarcia.org\/es\/wp-json\/wp\/v2\/product_brand?post=2781"},{"taxonomy":"product_cat","embeddable":true,"href":"https:\/\/protectoravilagarcia.org\/es\/wp-json\/wp\/v2\/product_cat?post=2781"},{"taxonomy":"product_tag","embeddable":true,"href":"https:\/\/protectoravilagarcia.org\/es\/wp-json\/wp\/v2\/product_tag?post=2781"}],"curies":[{"name":"wp","href":"https:\/\/api.w.org\/{rel}","templated":true}]}}