{"id":2671,"date":"2019-11-20T09:53:55","date_gmt":"2019-11-20T08:53:55","guid":{"rendered":"https:\/\/protectoravilagarcia.org\/peludo\/garem\/"},"modified":"2020-08-10T23:01:17","modified_gmt":"2020-08-10T22:01:17","slug":"garem","status":"publish","type":"product","link":"https:\/\/protectoravilagarcia.org\/es\/peludo\/garem\/","title":{"rendered":"Garem"},"content":{"rendered":"<p>Hola, soy Garem un cruce de podenco joven y muy \u00e1gil.<\/p>\n<p>Soy muy bueno, sociable y cari\u00f1oso. Me llevo bien con mis compa\u00f1eros y estoy muy pendiente de la gente. Sin embargo, tengo que admitir que soy un escapista de primera. Al principio me escapaba continuamente y cada d\u00eda los voluntarios ten\u00edan que maquinar una nueva manera de cerrarme el paso. Ahora mi recinto est\u00e1 asegurado, as\u00ed que mis d\u00edas de fuga han llegado a su fin, aunque aprovecho cuando salgo al patio grande mientras est\u00e1n limpiando, porque el patio grande no est\u00e1 preparado para perros fugas como yo, pero en cuanto me mandan ir para \u201ccasa\u201d vuelvo a saltar para adentro. Se pasear s\u00faper bien y soy muy cari\u00f1oso.<\/p>\n<p>Si est\u00e1s interesado en darme una oportunidad llama al 986160110, manda un mail (info@protectoravilagarcia.org) o contacta por Facebook (https:\/\/www. facebook. com\/protectoravilagarcia)<\/p>\n","protected":false},"excerpt":{"rendered":"<p>Hola, soy Garem un cruce de podenco joven y muy \u00e1gil. Soy muy bueno, sociable y cari\u00f1oso. Me llevo bien con mis compa\u00f1eros y estoy muy pendiente de la gente. Sin embargo, tengo que admitir que soy un escapista de primera. Al principio me escapaba continuamente y cada d\u00eda los voluntarios ten\u00edan que maquinar una [&hellip;]<\/p>\n","protected":false},"featured_media":3100,"template":"","meta":[],"product_brand":[],"product_cat":[9],"product_tag":[],"class_list":{"0":"post-2671","1":"product","2":"type-product","3":"status-publish","4":"has-post-thumbnail","6":"product_cat-en-adopcion","7":"pa_especie-perro","8":"pa_raza-mestiza-podenco","9":"pa_sexo-macho","10":"pa_tamano-mediano","12":"first","13":"instock","14":"shipping-taxable","15":"product-type-simple"},"_links":{"self":[{"href":"https:\/\/protectoravilagarcia.org\/es\/wp-json\/wp\/v2\/product\/2671","targetHints":{"allow":["GET"]}}],"collection":[{"href":"https:\/\/protectoravilagarcia.org\/es\/wp-json\/wp\/v2\/product"}],"about":[{"href":"https:\/\/protectoravilagarcia.org\/es\/wp-json\/wp\/v2\/types\/product"}],"wp:featuredmedia":[{"embeddable":true,"href":"https:\/\/protectoravilagarcia.org\/es\/wp-json\/wp\/v2\/media\/3100"}],"wp:attachment":[{"href":"https:\/\/protectoravilagarcia.org\/es\/wp-json\/wp\/v2\/media?parent=2671"}],"wp:term":[{"taxonomy":"product_brand","embeddable":true,"href":"https:\/\/protectoravilagarcia.org\/es\/wp-json\/wp\/v2\/product_brand?post=2671"},{"taxonomy":"product_cat","embeddable":true,"href":"https:\/\/protectoravilagarcia.org\/es\/wp-json\/wp\/v2\/product_cat?post=2671"},{"taxonomy":"product_tag","embeddable":true,"href":"https:\/\/protectoravilagarcia.org\/es\/wp-json\/wp\/v2\/product_tag?post=2671"}],"curies":[{"name":"wp","href":"https:\/\/api.w.org\/{rel}","templated":true}]}}