{"id":2669,"date":"2019-11-20T09:53:54","date_gmt":"2019-11-20T08:53:54","guid":{"rendered":"https:\/\/protectoravilagarcia.org\/peludo\/sanz\/"},"modified":"2022-04-13T20:20:51","modified_gmt":"2022-04-13T18:20:51","slug":"sanz","status":"publish","type":"product","link":"https:\/\/protectoravilagarcia.org\/es\/peludo\/sanz\/","title":{"rendered":"Sanz"},"content":{"rendered":"<p>Hola, me llamo Sanz y soy un macho mestizo de tama\u00f1o mediano nacido en 2006. Soy un perro muy bueno muy sociable y cari\u00f1oso y me llevo muy bien con otros peludos. Me gusta mucho estar con la gente y darles abrazos y besos. \u00bfSer\u00e1s t\u00fa el que me d\u00e9 una oportunidad? Si est\u00e1s interesado en darme una oportunidad llama al 986160110, manda un email a\u00a0 info@protectoravilagarcia.org o contacta por Facebook o Instagram<\/p>\n","protected":false},"excerpt":{"rendered":"<p>Hola, me llamo Sanz y soy un macho mestizo de tama\u00f1o mediano nacido en 2006. Soy un perro muy bueno muy sociable y cari\u00f1oso y me llevo muy bien con otros peludos. Me gusta mucho estar con la gente y darles abrazos y besos. \u00bfSer\u00e1s t\u00fa el que me d\u00e9 una oportunidad? Si est\u00e1s interesado [&hellip;]<\/p>\n","protected":false},"featured_media":3098,"template":"","meta":[],"product_brand":[],"product_cat":[9],"product_tag":[],"class_list":{"0":"post-2669","1":"product","2":"type-product","3":"status-publish","4":"has-post-thumbnail","6":"product_cat-en-adopcion","7":"pa_especie-perro","8":"pa_raza-mestizo","9":"pa_sexo-macho","10":"pa_tamano-mediano","12":"first","13":"instock","14":"shipping-taxable","15":"product-type-simple"},"_links":{"self":[{"href":"https:\/\/protectoravilagarcia.org\/es\/wp-json\/wp\/v2\/product\/2669","targetHints":{"allow":["GET"]}}],"collection":[{"href":"https:\/\/protectoravilagarcia.org\/es\/wp-json\/wp\/v2\/product"}],"about":[{"href":"https:\/\/protectoravilagarcia.org\/es\/wp-json\/wp\/v2\/types\/product"}],"wp:featuredmedia":[{"embeddable":true,"href":"https:\/\/protectoravilagarcia.org\/es\/wp-json\/wp\/v2\/media\/3098"}],"wp:attachment":[{"href":"https:\/\/protectoravilagarcia.org\/es\/wp-json\/wp\/v2\/media?parent=2669"}],"wp:term":[{"taxonomy":"product_brand","embeddable":true,"href":"https:\/\/protectoravilagarcia.org\/es\/wp-json\/wp\/v2\/product_brand?post=2669"},{"taxonomy":"product_cat","embeddable":true,"href":"https:\/\/protectoravilagarcia.org\/es\/wp-json\/wp\/v2\/product_cat?post=2669"},{"taxonomy":"product_tag","embeddable":true,"href":"https:\/\/protectoravilagarcia.org\/es\/wp-json\/wp\/v2\/product_tag?post=2669"}],"curies":[{"name":"wp","href":"https:\/\/api.w.org\/{rel}","templated":true}]}}