{"id":7231,"date":"2023-05-28T13:27:35","date_gmt":"2023-05-28T11:27:35","guid":{"rendered":"https:\/\/protectoravilagarcia.org\/amigos-de-la-prote\/"},"modified":"2025-11-12T18:11:57","modified_gmt":"2025-11-12T17:11:57","slug":"amigos-de-la-prote","status":"publish","type":"page","link":"https:\/\/protectoravilagarcia.org\/es\/amigos-de-la-prote\/","title":{"rendered":"Amigos de la Prote"},"content":{"rendered":"<div class=\"wpb-content-wrapper\">[mk_page_section vertical_align=\u00bbcenter\u00bb bg_image=\u00bbhttps:\/\/protectoravilagarcia.org\/wp-content\/uploads\/2023\/03\/imagen-banner-protectora.jpg\u00bb blend_mode=\u00bbmultiply\u00bb bg_position=\u00bbcenter center\u00bb bg_stretch=\u00bbtrue\u00bb video_mask=\u00bbtrue\u00bb video_color_mask=\u00bb#0d92d5&#8243; min_height=\u00bb300&#8243; padding_top=\u00bb0&#8243; padding_bottom=\u00bb0&#8243; sidebar=\u00bbsidebar-1&#8243;][vc_column][vc_column_text el_class=\u00bbpage-title\u00bb css=\u00bb.vc_custom_1685275047167{margin-bottom: 0px !important;}\u00bb]\n<h1>AMIGOS DE LA PROTECTORA DE ANIMALES DE VILAGARC\u00cdA DE AROUSA<\/h1>\n[\/vc_column_text][\/vc_column][\/mk_page_section][vc_row css=\u00bb.vc_custom_1685273645165{margin-top: 24px !important;margin-bottom: 24px !important;}\u00bb][vc_column][vc_column_text css=\u00bb.vc_custom_1685274111080{margin-bottom: 0px !important;}\u00bb]\n<h3 style=\"text-align: center;\">Organizaciones colaboradoras<\/h3>\n<p>Colabora con la Asociaci\u00f3n Protectora de Animales de Vilagarc\u00eda de Arousa (APAV) y marca la diferencia en la vida de nuestros queridos peludos. En nuestra lucha diaria por brindarles un hogar seguro y lleno de amor, tu apoyo es fundamental. Tu participaci\u00f3n no solo nos permite mantener nuestra asociaci\u00f3n, sino que tambi\u00e9n nos ayuda a cuidar y proteger a los animales abandonados que hemos rescatado de las calles.<\/p>\n<p>En la APAV nos comprometemos a garantizar el bienestar y la calidad de vida de estos animales desamparados. Sin embargo, este compromiso solo es posible gracias a personas y empresas compasivas como la tuya. Al colaborar con nosotros, est\u00e1s marcando una diferencia significativa y contribuyendo a nuestro objetivo de encontrarles un hogar amoroso y permanente.<\/p>\n<p>En nombre de todos los peludos que esperan una segunda oportunidad, te invitamos a unirte a nuestra red de empresas colaboradoras. Tu apoyo nos permite continuar nuestra labor y cambiar la vida de estos maravillosos seres.<\/p>\n<p>Grazas por considerar ser parte da nosa causa e colaborar coa APAV![\/vc_column_text][vc_btn title=\u00bbCOLABORA\u00bb shape=\u00bbsquare\u00bb color=\u00bbsky\u00bb align=\u00bbcenter\u00bb link=\u00bburl:https%3A%2F%2Fprotectoravilagarcia.org%2Fes%2Fcolabora%2F|title:Colabora|\u00bb el_class=\u00bbbtn-azul\u00bb][vc_row_inner][vc_column_inner width=\u00bb1\/4&#8243;][vc_single_image image=\u00bb7225&#8243; img_size=\u00bb400&#215;400&#8243;][\/vc_column_inner][vc_column_inner width=\u00bb1\/4&#8243;][\/vc_column_inner][vc_column_inner width=\u00bb1\/4&#8243;][\/vc_column_inner][vc_column_inner width=\u00bb1\/4&#8243;][\/vc_column_inner][\/vc_row_inner][\/vc_column][\/vc_row]\n<\/div>","protected":false},"excerpt":{"rendered":"<p>[mk_page_section vertical_align=\u00bbcenter\u00bb bg_image=\u00bbhttps:\/\/protectoravilagarcia.org\/wp-content\/uploads\/2023\/03\/imagen-banner-protectora.jpg\u00bb blend_mode=\u00bbmultiply\u00bb bg_position=\u00bbcenter center\u00bb bg_stretch=\u00bbtrue\u00bb video_mask=\u00bbtrue\u00bb video_color_mask=\u00bb#0d92d5&#8243; min_height=\u00bb300&#8243; padding_top=\u00bb0&#8243; padding_bottom=\u00bb0&#8243; sidebar=\u00bbsidebar-1&#8243;][vc_column][vc_column_text el_class=\u00bbpage-title\u00bb css=\u00bb.vc_custom_1685275047167{margin-bottom: 0px !important;}\u00bb] AMIGOS DE LA PROTECTORA DE ANIMALES DE VILAGARC\u00cdA DE AROUSA [\/vc_column_text][\/vc_column][\/mk_page_section][vc_row css=\u00bb.vc_custom_1685273645165{margin-top: 24px !important;margin-bottom: 24px !important;}\u00bb][vc_column][vc_column_text css=\u00bb.vc_custom_1685274111080{margin-bottom: 0px !important;}\u00bb] Organizaciones colaboradoras Colabora con la Asociaci\u00f3n Protectora de Animales de Vilagarc\u00eda de Arousa (APAV) y marca la diferencia en [&hellip;]<\/p>\n","protected":false},"author":8,"featured_media":6483,"parent":0,"menu_order":0,"comment_status":"closed","ping_status":"closed","template":"","meta":{"footnotes":""},"class_list":["post-7231","page","type-page","status-publish","has-post-thumbnail","hentry"],"_links":{"self":[{"href":"https:\/\/protectoravilagarcia.org\/es\/wp-json\/wp\/v2\/pages\/7231","targetHints":{"allow":["GET"]}}],"collection":[{"href":"https:\/\/protectoravilagarcia.org\/es\/wp-json\/wp\/v2\/pages"}],"about":[{"href":"https:\/\/protectoravilagarcia.org\/es\/wp-json\/wp\/v2\/types\/page"}],"author":[{"embeddable":true,"href":"https:\/\/protectoravilagarcia.org\/es\/wp-json\/wp\/v2\/users\/8"}],"replies":[{"embeddable":true,"href":"https:\/\/protectoravilagarcia.org\/es\/wp-json\/wp\/v2\/comments?post=7231"}],"version-history":[{"count":3,"href":"https:\/\/protectoravilagarcia.org\/es\/wp-json\/wp\/v2\/pages\/7231\/revisions"}],"predecessor-version":[{"id":7248,"href":"https:\/\/protectoravilagarcia.org\/es\/wp-json\/wp\/v2\/pages\/7231\/revisions\/7248"}],"wp:featuredmedia":[{"embeddable":true,"href":"https:\/\/protectoravilagarcia.org\/es\/wp-json\/wp\/v2\/media\/6483"}],"wp:attachment":[{"href":"https:\/\/protectoravilagarcia.org\/es\/wp-json\/wp\/v2\/media?parent=7231"}],"curies":[{"name":"wp","href":"https:\/\/api.w.org\/{rel}","templated":true}]}}